{"id":3458,"date":"2024-03-19T16:41:24","date_gmt":"2024-03-19T15:41:24","guid":{"rendered":"https:\/\/hyperbarics-europe.com\/preguntas-frecuentes\/"},"modified":"2024-07-18T14:34:01","modified_gmt":"2024-07-18T13:34:01","slug":"preguntas-frecuentes","status":"publish","type":"page","link":"https:\/\/hyperbarics-europe.com\/es\/preguntas-frecuentes\/","title":{"rendered":"PREGUNTAS FRECUENTES"},"content":{"rendered":"\t\t<div data-elementor-type=\"wp-page\" data-elementor-id=\"3458\" class=\"elementor elementor-3458 elementor-271\" data-elementor-post-type=\"page\">\n\t\t\t\t<div class=\"elementor-element elementor-element-7f56026 e-flex e-con-boxed e-con e-parent\" data-id=\"7f56026\" data-element_type=\"container\" data-e-type=\"container\" data-settings=\"{&quot;jet_parallax_layout_list&quot;:[]}\">\n\t\t\t\t\t<div class=\"e-con-inner\">\n\t\t\t\t<div class=\"elementor-element elementor-element-ca5a00d elementor-widget elementor-widget-heading\" data-id=\"ca5a00d\" data-element_type=\"widget\" data-e-type=\"widget\" data-widget_type=\"heading.default\">\n\t\t\t\t<div class=\"elementor-widget-container\">\n\t\t\t\t\t<h1 class=\"elementor-heading-title elementor-size-default\">Preguntas m\u00e1s frecuentes\n<\/h1>\t\t\t\t<\/div>\n\t\t\t\t<\/div>\n\t\t\t\t<div class=\"elementor-element elementor-element-73dfefd elementor-widget elementor-widget-text-editor\" data-id=\"73dfefd\" data-element_type=\"widget\" data-e-type=\"widget\" data-widget_type=\"text-editor.default\">\n\t\t\t\t<div class=\"elementor-widget-container\">\n\t\t\t\t\t\t\t\t\t<h2>\u00bfC\u00f3mo funciona exactamente una aplicaci\u00f3n?<\/h2>\n<p>En una c\u00e1mara hiperb\u00e1rica, el aire ambiente (21% de ox\u00edgeno) se introduce en la c\u00e1mara hiperb\u00e1rica a baja presi\u00f3n. La presi\u00f3n de la c\u00e1mara aumenta inicialmente. En cuanto se alcanza la presi\u00f3n deseada de 0,3 bares, se abren dos v\u00e1lvulas de funcionamiento independiente. Estas v\u00e1lvulas evitan el riesgo de presi\u00f3n excesiva en la c\u00e1mara hiperb\u00e1rica. Durante su uso, se introduce constantemente aire fresco en las c\u00e1maras hiperb\u00e1ricas hasta que la presi\u00f3n vuelve a la presi\u00f3n ambiente. La presi\u00f3n de la c\u00e1mara hiperb\u00e1rica permanece constante durante toda la sesi\u00f3n. Al final del uso, la presi\u00f3n se libera lentamente mediante una v\u00e1lvula de descarga hasta que la presi\u00f3n de la c\u00e1mara hiperb\u00e1rica vuelva a corresponderse con la presi\u00f3n ambiente. La diferencia de presi\u00f3n es comparable a la diferencia de presi\u00f3n al utilizar un avi\u00f3n comercial, lo que se denomina \u00abinmersi\u00f3n\u00bb. Muchos usuarios describen la introducci\u00f3n de aire como \u00abdescendente\u00bb, seguida de la fase \u00abemergente\u00bb.<\/p>\n<h2>\u00bfC\u00f3mo sientes la presi\u00f3n durante una aplicaci\u00f3n?<\/h2>\n<p>Como usuario, sentir\u00e1s una sensaci\u00f3n de presi\u00f3n en los o\u00eddos al \u00abdescender\u00bb, similar al aterrizaje de un avi\u00f3n. Normalmente, los movimientos de la mand\u00edbula inferior, el bostezo o la degluci\u00f3n, provocan una ligera igualaci\u00f3n de la presi\u00f3n en el o\u00eddo medio. No hay sensaci\u00f3n de presi\u00f3n sobre la propia piel.<\/p>\n<h2>\u00bfC\u00f3mo te sientes despu\u00e9s de un tratamiento?<\/h2>\n<p>Muchos usuarios afirman tener m\u00e1s energ\u00eda y serenidad tras su uso. Sin embargo, tras las primeras inmersiones en una c\u00e1mara hiperb\u00e1rica, tambi\u00e9n puedes sentirte cansado. Esta reacci\u00f3n suele desaparecer al cabo de unas horas y se hace menos pronunciada en inmersiones posteriores. En general, recomendamos beber mucha agua despu\u00e9s de cada uso.<\/p>\n<h2>\u00bfLas c\u00e1maras hiperb\u00e1ricas tambi\u00e9n son adecuadas para los enfermos?<\/h2>\n<p>Nuestras c\u00e1maras hiperb\u00e1ricas no est\u00e1n clasificadas como dispositivos m\u00e9dicos, pero muchos usuarios con afecciones m\u00e9dicas informan de mejoras en sus s\u00edntomas. En general, nuestras c\u00e1maras hiperb\u00e1ricas contribuyen enormemente a tu estado general de salud. Esto suele reflejarse en un bienestar f\u00edsico y mental, un mayor rendimiento atl\u00e9tico y vitalidad, incluso en la vejez. Un mayor suministro de ox\u00edgeno es el n\u00facleo de la regeneraci\u00f3n f\u00edsica, la acumulaci\u00f3n de energ\u00eda y, por tanto, el rejuvenecimiento. Nuestro modelo \u00abHE Family\u00bb es el m\u00e1s adecuado para personas con movilidad reducida.<\/p>\n<h2>\u00bfSe puede instalar una c\u00e1mara hiperb\u00e1rica en cualquier sitio?<\/h2>\n<p>En principio, s\u00ed. Nuestras c\u00e1maras hiperb\u00e1ricas m\u00f3viles son desplazables y pueden instalarse en distintos lugares, como habitaciones de hotel o pisos de vacaciones. Debes asegurarte siempre de que no haya disolventes ni otros productos qu\u00edmicos cerca de la c\u00e1mara hiperb\u00e1rica o del compresor. Tambi\u00e9n debe mantenerse alejado de la calefacci\u00f3n y no debe haber una cocina de carb\u00f3n ni un horno en la misma habitaci\u00f3n. Aunque el aire ambiente se filtre y se introduzca en la c\u00e1mara hiperb\u00e1rica, debes asegurarte de que el compresor est\u00e1 situado en un entorno con aire fresco.<\/p>\n<h2>\u00bfCu\u00e1ntas personas pueden estar en una c\u00e1mara hiperb\u00e1rica al mismo tiempo?<\/h2>\n<p>Nuestro modelo \u00abHE Sport\u00bb ofrece espacio para un adulto y un ni\u00f1o peque\u00f1o, el modelo \u00abHE Relax\u00bb se adapta a dos adultos delgados y m\u00f3viles y la gran c\u00e1mara \u00abHE Family\u00bb es ideal para dos adultos m\u00f3viles.<\/p>\n<h2>\u00bfHace mucho calor en la c\u00e1mara hiperb\u00e1rica?<\/h2>\n<p>La temperatura en la c\u00e1mara hiperb\u00e1rica aumenta varios grados debido a la presi\u00f3n. Especialmente cuando se utiliza con ni\u00f1os o en habitaciones con temperaturas ambiente c\u00e1lidas, algunas personas empiezan a sudar r\u00e1pidamente. Te recomendamos que nos compres un sistema de aire acondicionado. Las conexiones para ello ya est\u00e1n preequipadas en nuestras c\u00e1maras hiperb\u00e1ricas. En general, aseg\u00farate de que el compresor est\u00e1 situado en una habitaci\u00f3n bien ventilada con aire fresco y fresco. Lleva ropa ligera durante su uso.<\/p>\n<h2>\u00bfSon seguras las c\u00e1maras hiperb\u00e1ricas suaves?<\/h2>\n<p>S\u00ed, nuestras c\u00e1maras se someten a pruebas de seguridad exhaustivas y muy cuidadosas, seg\u00fan los criterios m\u00e1s estrictos, y llevan la marca CE. Como con todos los aparatos el\u00e9ctricos, hay que tener cuidado para garantizar un uso adecuado, tal como se describe en las instrucciones de uso suministradas. No se puede realizar ning\u00fan tipo de modificaci\u00f3n en el aparato. Formamos a todos nuestros clientes en el manejo seguro de nuestras c\u00e1maras hiperb\u00e1ricas como parte de un curso de formaci\u00f3n en l\u00ednea.<\/p>\n<h2>\u00bfQu\u00e9 puedes hacer si sufres claustrofobia?<\/h2>\n<p>Algunas personas sufren una sensaci\u00f3n de incomodidad en espacios reducidos. Por eso hemos pensado mucho en el dise\u00f1o del producto: para crear un ambiente acogedor y luminoso, elegimos una carcasa de color muy claro, de modo que la luz no s\u00f3lo brille a trav\u00e9s de las ventanas, sino tambi\u00e9n a trav\u00e9s de la lona, directamente en la c\u00e1mara. Tambi\u00e9n recomendamos c\u00e1maras hiperb\u00e1ricas grandes para uso privado, por lo que mantenemos deliberadamente bajos los precios de nuestras c\u00e1maras hiperb\u00e1ricas. Para las personas ansiosas, recomendamos nuestro modelo \u00abHE Family\u00bb, con una gran superficie de apoyo y una altura de algo menos de dos metros. Los adultos tambi\u00e9n pueden ponerse de pie aqu\u00ed y hay espacio suficiente para un acompa\u00f1ante. La comunicaci\u00f3n es posible en cualquier momento a trav\u00e9s de la lona, incluso cuando el compresor est\u00e1 en marcha. Todas nuestras c\u00e1maras hiperb\u00e1ricas tambi\u00e9n se pueden manejar y abrir desde dentro.<\/p>\n<p>Tambi\u00e9n recomendamos un timbre de radio. Es posible detener la sesi\u00f3n en cualquier momento, liberar la presi\u00f3n de aire y abrir la c\u00e1mara hiperb\u00e1rica. Informa a tus ayudantes de fuera sobre tu claustrofobia antes de utilizarlos. Primero pasa un rato con la cremallera abierta, relaj\u00e1ndote. T\u00f3mate tu tiempo al principio y empieza con tiempos m\u00e1s cortos y menos presi\u00f3n. Lleva contigo a un compa\u00f1ero de confianza a la c\u00e1mara hiperb\u00e1rica.<\/p>\n<p>Si\u00e9ntate frente a una ventana y mira al exterior, esto te calmar\u00e1. Ll\u00e9vate algo de m\u00fasica, un libro o una tableta para entretenerte y oc\u00fapate de temas agradables. Lleva a un ni\u00f1o contigo a la c\u00e1mara, los ni\u00f1os encuentran su estancia en la c\u00e1mara hiperb\u00e1rica un momento agradable y tranquilizador y ya han aliviado los temores de muchos adultos. Algo reconfortante al final: casi todos los usuarios tienen inicialmente un poco de miedo en su primera inmersi\u00f3n, pero despu\u00e9s de dos o tres inmersiones todos los usuarios est\u00e1n mucho m\u00e1s relajados.<\/p>\n<h2>\u00bfC\u00f3mo puedes mantenerte ocupado en la c\u00e1mara hiperb\u00e1rica durante la sesi\u00f3n?<\/h2>\n<p>Algunos usuarios se relajan y aprovechan el tiempo para echar una cabezadita para recuperarse. Se pueden utilizar dispositivos electr\u00f3nicos como tel\u00e9fonos m\u00f3viles, tabletas o reproductores mp3. Sin embargo, recuerda que quieres recuperarte en la c\u00e1mara hiperb\u00e1rica y, por tanto, debes evitar en lo posible las radiaciones de alta frecuencia. Por razones de higiene, te recomendamos que s\u00f3lo lleves agua sin gas en una botella de pl\u00e1stico a la c\u00e1mara hiperb\u00e1rica.<\/p>\n<h2>\u00bfPuedo probar las c\u00e1maras hiperb\u00e1ricas antes de comprarlas?<\/h2>\n<p>Antes de comprar una c\u00e1mara, te aconsejamos encarecidamente que la pruebes en persona. Te invitamos a visitar una de nuestras salas de exposici\u00f3n previa cita.<\/p>\n\t\t\t\t\t\t\t\t<\/div>\n\t\t\t\t<\/div>\n\t\t\t\t\t<\/div>\n\t\t\t\t<\/div>\n\t\t\t\t<\/div>\n\t\t","protected":false},"excerpt":{"rendered":"<p>Preguntas m\u00e1s frecuentes \u00bfC\u00f3mo funciona exactamente una aplicaci\u00f3n? En una c\u00e1mara hiperb\u00e1rica, el aire ambiente (21% de ox\u00edgeno) se introduce en la c\u00e1mara hiperb\u00e1rica a baja presi\u00f3n. La presi\u00f3n de la c\u00e1mara aumenta inicialmente. En cuanto se alcanza la presi\u00f3n deseada de 0,3 bares, se abren dos v\u00e1lvulas de funcionamiento independiente. Estas v\u00e1lvulas evitan el [&hellip;]<\/p>\n","protected":false},"author":3,"featured_media":0,"parent":0,"menu_order":0,"comment_status":"closed","ping_status":"closed","template":"","meta":{"_acf_changed":false,"_coblocks_attr":"","_coblocks_dimensions":"","_coblocks_responsive_height":"","_coblocks_accordion_ie_support":"","content-type":"","footnotes":""},"class_list":["post-3458","page","type-page","status-publish","hentry"],"acf":[],"_links":{"self":[{"href":"https:\/\/hyperbarics-europe.com\/es\/wp-json\/wp\/v2\/pages\/3458","targetHints":{"allow":["GET"]}}],"collection":[{"href":"https:\/\/hyperbarics-europe.com\/es\/wp-json\/wp\/v2\/pages"}],"about":[{"href":"https:\/\/hyperbarics-europe.com\/es\/wp-json\/wp\/v2\/types\/page"}],"author":[{"embeddable":true,"href":"https:\/\/hyperbarics-europe.com\/es\/wp-json\/wp\/v2\/users\/3"}],"replies":[{"embeddable":true,"href":"https:\/\/hyperbarics-europe.com\/es\/wp-json\/wp\/v2\/comments?post=3458"}],"version-history":[{"count":1,"href":"https:\/\/hyperbarics-europe.com\/es\/wp-json\/wp\/v2\/pages\/3458\/revisions"}],"predecessor-version":[{"id":3461,"href":"https:\/\/hyperbarics-europe.com\/es\/wp-json\/wp\/v2\/pages\/3458\/revisions\/3461"}],"wp:attachment":[{"href":"https:\/\/hyperbarics-europe.com\/es\/wp-json\/wp\/v2\/media?parent=3458"}],"curies":[{"name":"wp","href":"https:\/\/api.w.org\/{rel}","templated":true}]}}