{"id":3482,"date":"2024-03-25T09:13:52","date_gmt":"2024-03-25T08:13:52","guid":{"rendered":"https:\/\/hyperbarics-europe.com\/localizaciones\/"},"modified":"2024-07-18T14:34:12","modified_gmt":"2024-07-18T13:34:12","slug":"localizaciones","status":"publish","type":"page","link":"https:\/\/hyperbarics-europe.com\/es\/localizaciones\/","title":{"rendered":"Localizaciones"},"content":{"rendered":"\t\t<div data-elementor-type=\"wp-page\" data-elementor-id=\"3482\" class=\"elementor elementor-3482 elementor-606\" data-elementor-post-type=\"page\">\n\t\t\t\t<div class=\"elementor-element elementor-element-4073318 e-flex e-con-boxed e-con e-parent\" data-id=\"4073318\" data-element_type=\"container\" data-e-type=\"container\" data-settings=\"{&quot;jet_parallax_layout_list&quot;:[]}\">\n\t\t\t\t\t<div class=\"e-con-inner\">\n\t\t\t\t<div class=\"elementor-element elementor-element-889052e elementor-widget elementor-widget-heading\" data-id=\"889052e\" data-element_type=\"widget\" data-e-type=\"widget\" data-widget_type=\"heading.default\">\n\t\t\t\t<div class=\"elementor-widget-container\">\n\t\t\t\t\t<h1 class=\"elementor-heading-title elementor-size-default\">Nuestros centros de terapia hiperb\u00e1rica\n<\/h1>\t\t\t\t<\/div>\n\t\t\t\t<\/div>\n\t\t\t\t<div class=\"elementor-element elementor-element-06afc24 elementor-widget elementor-widget-heading\" data-id=\"06afc24\" data-element_type=\"widget\" data-e-type=\"widget\" data-widget_type=\"heading.default\">\n\t\t\t\t<div class=\"elementor-widget-container\">\n\t\t\t\t\t<h2 class=\"elementor-heading-title elementor-size-default\">\u00bfD\u00f3nde puedo probar las c\u00e1maras hiperb\u00e1ricas?<\/h2>\t\t\t\t<\/div>\n\t\t\t\t<\/div>\n\t\t\t\t<div class=\"elementor-element elementor-element-1094811 elementor-widget elementor-widget-text-editor\" data-id=\"1094811\" data-element_type=\"widget\" data-e-type=\"widget\" data-widget_type=\"text-editor.default\">\n\t\t\t\t<div class=\"elementor-widget-container\">\n\t\t\t\t\t\t\t\t\t<p>Constantemente se a\u00f1aden nuevas ubicaciones. Estamos deseando conocerte en persona.<\/p>\n\t\t\t\t\t\t\t\t<\/div>\n\t\t\t\t<\/div>\n\t\t\t\t\t<\/div>\n\t\t\t\t<\/div>\n\t\t<div class=\"elementor-element elementor-element-71d61db e-flex e-con-boxed e-con e-parent\" data-id=\"71d61db\" data-element_type=\"container\" data-e-type=\"container\" data-settings=\"{&quot;background_background&quot;:&quot;gradient&quot;,&quot;jet_parallax_layout_list&quot;:[]}\">\n\t\t\t\t\t<div class=\"e-con-inner\">\n\t\t<div class=\"elementor-element elementor-element-3fe8e34 e-con-full e-flex e-con e-child\" data-id=\"3fe8e34\" data-element_type=\"container\" data-e-type=\"container\" data-settings=\"{&quot;jet_parallax_layout_list&quot;:[],&quot;background_background&quot;:&quot;classic&quot;}\">\n\t\t\t\t<div class=\"elementor-element elementor-element-f4778f0 elementor-widget elementor-widget-image\" data-id=\"f4778f0\" data-element_type=\"widget\" data-e-type=\"widget\" data-widget_type=\"image.default\">\n\t\t\t\t<div class=\"elementor-widget-container\">\n\t\t\t\t\t\t\t\t\t\t\t\t\t\t\t<img decoding=\"async\" src=\"https:\/\/hyperbarics-europe.com\/wp-content\/uploads\/elementor\/thumbs\/foto-office-ruth-schweinfurt-qoh8dxvpmb10di3dqju72cmh4b0634d27mfgr5fnhc.jpg\" title=\"foto-office-ruth-schweinfurt\" alt=\"foto-office-ruth-schweinfurt\" loading=\"lazy\" \/>\t\t\t\t\t\t\t\t\t\t\t\t\t\t\t<\/div>\n\t\t\t\t<\/div>\n\t\t\t\t<div class=\"elementor-element elementor-element-abcbc2f elementor-widget elementor-widget-text-editor\" data-id=\"abcbc2f\" data-element_type=\"widget\" data-e-type=\"widget\" data-widget_type=\"text-editor.default\">\n\t\t\t\t<div class=\"elementor-widget-container\">\n\t\t\t\t\t\t\t\t\t<p>Hiperb\u00e1rica Europa<br \/>Sperberstrasse 15<br \/>97422 Schweinfurt<\/p>\n\t\t\t\t\t\t\t\t<\/div>\n\t\t\t\t<\/div>\n\t\t\t\t<div class=\"elementor-element elementor-element-efbebd6 elementor-widget elementor-widget-button\" data-id=\"efbebd6\" data-element_type=\"widget\" data-e-type=\"widget\" data-widget_type=\"button.default\">\n\t\t\t\t<div class=\"elementor-widget-container\">\n\t\t\t\t\t\t\t\t\t<div class=\"elementor-button-wrapper\">\n\t\t\t\t\t<a class=\"elementor-button elementor-button-link elementor-size-sm\" href=\"https:\/\/www.google.com\/maps\/dir\/\/Hyperbarics+Europe+Sperberstra%C3%9Fe+15+97422+Schweinfurt\/@50.0644129,10.2248711,14z\/data=!4m8!4m7!1m0!1m5!1m1!1s0x47a2f827b9269381:0xfb8c361b042d440f!2m2!1d10.224884!2d50.0644298?entry=ttu\" target=\"_blank\" rel=\"nofollow noopener\">\n\t\t\t\t\t\t<span class=\"elementor-button-content-wrapper\">\n\t\t\t\t\t\t\t\t\t<span class=\"elementor-button-text\">Planificador de rutas<\/span>\n\t\t\t\t\t<\/span>\n\t\t\t\t\t<\/a>\n\t\t\t\t<\/div>\n\t\t\t\t\t\t\t\t<\/div>\n\t\t\t\t<\/div>\n\t\t\t\t<\/div>\n\t\t<div class=\"elementor-element elementor-element-6dcb105 e-con-full e-flex e-con e-child\" data-id=\"6dcb105\" data-element_type=\"container\" data-e-type=\"container\" data-settings=\"{&quot;jet_parallax_layout_list&quot;:[],&quot;background_background&quot;:&quot;classic&quot;}\">\n\t\t\t\t<div class=\"elementor-element elementor-element-83bc180 elementor-widget elementor-widget-image\" data-id=\"83bc180\" data-element_type=\"widget\" data-e-type=\"widget\" data-widget_type=\"image.default\">\n\t\t\t\t<div class=\"elementor-widget-container\">\n\t\t\t\t\t\t\t\t\t\t\t\t\t\t\t<img decoding=\"async\" src=\"https:\/\/hyperbarics-europe.com\/wp-content\/uploads\/elementor\/thumbs\/foto-office-pia-berlin-scaled-qoh862yah69pavicmnjhpu0qbbqoq85usq2bav35i8.jpg\" title=\"foto-office-pia-berlin\" alt=\"foto-office-pia-berlin\" loading=\"lazy\" \/>\t\t\t\t\t\t\t\t\t\t\t\t\t\t\t<\/div>\n\t\t\t\t<\/div>\n\t\t\t\t<div class=\"elementor-element elementor-element-52fb577 elementor-widget elementor-widget-text-editor\" data-id=\"52fb577\" data-element_type=\"widget\" data-e-type=\"widget\" data-widget_type=\"text-editor.default\">\n\t\t\t\t<div class=\"elementor-widget-container\">\n\t\t\t\t\t\t\t\t\t<p>Hiperb\u00e1rica Europa<br \/>Uhlandstrasse 20-25<br \/>10623 Berl\u00edn<\/p>\n\t\t\t\t\t\t\t\t<\/div>\n\t\t\t\t<\/div>\n\t\t\t\t<div class=\"elementor-element elementor-element-e530626 elementor-widget elementor-widget-button\" data-id=\"e530626\" data-element_type=\"widget\" data-e-type=\"widget\" data-widget_type=\"button.default\">\n\t\t\t\t<div class=\"elementor-widget-container\">\n\t\t\t\t\t\t\t\t\t<div class=\"elementor-button-wrapper\">\n\t\t\t\t\t<a class=\"elementor-button elementor-button-link elementor-size-sm\" href=\"https:\/\/www.google.com\/maps\/dir\/\/Hyperbarics+Europe+Uhlandstra%C3%9Fe+20-25+10623+Berlin\/@52.5039117,13.3251575,14z\/data=!4m5!4m4!1m0!1m2!1m1!1s0x47a85149519ed52b:0xbabfe9d7cb1ce509\" target=\"_blank\" rel=\"nofollow noopener\">\n\t\t\t\t\t\t<span class=\"elementor-button-content-wrapper\">\n\t\t\t\t\t\t\t\t\t<span class=\"elementor-button-text\">Planificador de rutas<\/span>\n\t\t\t\t\t<\/span>\n\t\t\t\t\t<\/a>\n\t\t\t\t<\/div>\n\t\t\t\t\t\t\t\t<\/div>\n\t\t\t\t<\/div>\n\t\t\t\t<\/div>\n\t\t\t\t\t<\/div>\n\t\t\t\t<\/div>\n\t\t<div class=\"elementor-element elementor-element-bff5d89 e-con-full e-flex e-con e-parent\" data-id=\"bff5d89\" data-element_type=\"container\" data-e-type=\"container\" data-settings=\"{&quot;jet_parallax_layout_list&quot;:[]}\">\n\t\t\t\t<div class=\"elementor-element elementor-element-5cc439d eael_liquid_glass-effect1 eael_liquid_glass_shadow-effect1 elementor-widget elementor-widget-jet-engine-maps-listing\" data-id=\"5cc439d\" data-element_type=\"widget\" data-e-type=\"widget\" data-widget_type=\"jet-engine-maps-listing.default\">\n\t\t\t\t<div class=\"elementor-widget-container\">\n\t\t\t\t\t<div class=\"jet-map-listing jet-listing-grid--612 google-provider\" data-init=\"{&quot;zoomControl&quot;:true,&quot;fullscreenControl&quot;:true,&quot;streetViewControl&quot;:false,&quot;mapTypeControl&quot;:false}\" data-markers=\"[{&quot;id&quot;:653,&quot;latLang&quot;:{&quot;lat&quot;:&quot;50.0644129&quot;,&quot;lng&quot;:&quot;10.2248711&quot;},&quot;label&quot;:false,&quot;custom_marker&quot;:false,&quot;geo_query_distance&quot;:-1},{&quot;id&quot;:605,&quot;latLang&quot;:{&quot;lat&quot;:&quot;52.5039117&quot;,&quot;lng&quot;:&quot;13.3251575&quot;},&quot;label&quot;:false,&quot;custom_marker&quot;:false,&quot;geo_query_distance&quot;:-1}]\" data-general=\"{&quot;api&quot;:&quot;https:\\\/\\\/hyperbarics-europe.com\\\/es\\\/wp-json\\\/jet-engine\\\/v2\\\/get-map-marker-info\\\/&quot;,&quot;restNonce&quot;:&quot;20fe54c287&quot;,&quot;listingID&quot;:612,&quot;source&quot;:&quot;posts&quot;,&quot;width&quot;:320,&quot;offset&quot;:40,&quot;clustererImg&quot;:&quot;https:\\\/\\\/hyperbarics-europe.com\\\/wp-content\\\/plugins\\\/jet-engine\\\/includes\\\/modules\\\/maps-listings\\\/assets\\\/lib\\\/markerclustererplus\\\/img\\\/m&quot;,&quot;marker&quot;:{&quot;type&quot;:&quot;icon&quot;,&quot;html&quot;:&quot;&lt;div class=\\&quot;jet-map-marker apply-fill is-svg-icon\\&quot;&gt;&lt;svg class=\\&quot;e-font-icon-svg e-fas-map-marker-alt\\&quot; aria-hidden=\\&quot;true\\&quot; viewBox=\\&quot;0 0 384 512\\&quot; xmlns=\\&quot;http:\\\/\\\/www.w3.org\\\/2000\\\/svg\\&quot;&gt;&lt;path d=\\&quot;M172.268 501.67C26.97 291.031 0 269.413 0 192 0 85.961 85.961 0 192 0s192 85.961 192 192c0 77.413-26.97 99.031-172.268 309.67-9.535 13.774-29.93 13.773-39.464 0zM192 272c44.183 0 80-35.817 80-80s-35.817-80-80-80-80 35.817-80 80 35.817 80 80 80z\\&quot;&gt;&lt;\\\/path&gt;&lt;\\\/svg&gt;&lt;\\\/div&gt;&quot;},&quot;autoCenter&quot;:false,&quot;maxZoom&quot;:10,&quot;minZoom&quot;:false,&quot;customCenter&quot;:false,&quot;customZoom&quot;:7,&quot;popupPreloader&quot;:false,&quot;querySeparator&quot;:&quot;?&quot;,&quot;markerClustering&quot;:true,&quot;clusterMaxZoom&quot;:&quot;&quot;,&quot;clusterRadius&quot;:&quot;&quot;,&quot;popupOpenOn&quot;:&quot;click&quot;,&quot;centeringOnOpen&quot;:false,&quot;zoomOnOpen&quot;:false,&quot;advanced&quot;:{&quot;zoom_control&quot;:&quot;auto&quot;}}\" data-listing-source=\"posts\" data-queried-id=\"3482|WP_Post\"><\/div>\t\t\t\t<\/div>\n\t\t\t\t<\/div>\n\t\t\t\t<\/div>\n\t\t<div class=\"elementor-element elementor-element-8daed20 e-flex e-con-boxed e-con e-parent\" data-id=\"8daed20\" data-element_type=\"container\" data-e-type=\"container\" data-settings=\"{&quot;jet_parallax_layout_list&quot;:[]}\">\n\t\t\t\t\t<div class=\"e-con-inner\">\n\t\t\t\t<div class=\"elementor-element elementor-element-55ebd47 elementor-widget elementor-widget-heading\" data-id=\"55ebd47\" data-element_type=\"widget\" data-e-type=\"widget\" data-widget_type=\"heading.default\">\n\t\t\t\t<div class=\"elementor-widget-container\">\n\t\t\t\t\t<h2 class=\"elementor-heading-title elementor-size-default\">Nuestros socios\n<\/h2>\t\t\t\t<\/div>\n\t\t\t\t<\/div>\n\t\t\t\t<div class=\"elementor-element elementor-element-89d41ff elementor-widget elementor-widget-text-editor\" data-id=\"89d41ff\" data-element_type=\"widget\" data-e-type=\"widget\" data-widget_type=\"text-editor.default\">\n\t\t\t\t<div class=\"elementor-widget-container\">\n\t\t\t\t\t\t\t\t\t<p>En breve publicaremos aqu\u00ed una lista de nuestros socios, donde tambi\u00e9n podr\u00e1s probar nuestras c\u00e1maras.<\/p>\n<p>Preg\u00fantanos d\u00f3nde hay c\u00e1maras hiperb\u00e1ricas en tu zona.<\/p>\n\t\t\t\t\t\t\t\t<\/div>\n\t\t\t\t<\/div>\n\t\t\t\t\t<\/div>\n\t\t\t\t<\/div>\n\t\t\t\t<\/div>\n\t\t","protected":false},"excerpt":{"rendered":"<p>Nuestros centros de terapia hiperb\u00e1rica \u00bfD\u00f3nde puedo probar las c\u00e1maras hiperb\u00e1ricas? Constantemente se a\u00f1aden nuevas ubicaciones. Estamos deseando conocerte en persona. Hiperb\u00e1rica EuropaSperberstrasse 1597422 Schweinfurt Planificador de rutas Hiperb\u00e1rica EuropaUhlandstrasse 20-2510623 Berl\u00edn Planificador de rutas Nuestros socios En breve publicaremos aqu\u00ed una lista de nuestros socios, donde tambi\u00e9n podr\u00e1s probar nuestras c\u00e1maras. Preg\u00fantanos d\u00f3nde hay [&hellip;]<\/p>\n","protected":false},"author":3,"featured_media":0,"parent":0,"menu_order":0,"comment_status":"closed","ping_status":"closed","template":"","meta":{"_acf_changed":false,"_coblocks_attr":"","_coblocks_dimensions":"","_coblocks_responsive_height":"","_coblocks_accordion_ie_support":"","content-type":"","footnotes":""},"class_list":["post-3482","page","type-page","status-publish","hentry"],"acf":[],"_links":{"self":[{"href":"https:\/\/hyperbarics-europe.com\/es\/wp-json\/wp\/v2\/pages\/3482","targetHints":{"allow":["GET"]}}],"collection":[{"href":"https:\/\/hyperbarics-europe.com\/es\/wp-json\/wp\/v2\/pages"}],"about":[{"href":"https:\/\/hyperbarics-europe.com\/es\/wp-json\/wp\/v2\/types\/page"}],"author":[{"embeddable":true,"href":"https:\/\/hyperbarics-europe.com\/es\/wp-json\/wp\/v2\/users\/3"}],"replies":[{"embeddable":true,"href":"https:\/\/hyperbarics-europe.com\/es\/wp-json\/wp\/v2\/comments?post=3482"}],"version-history":[{"count":1,"href":"https:\/\/hyperbarics-europe.com\/es\/wp-json\/wp\/v2\/pages\/3482\/revisions"}],"predecessor-version":[{"id":3486,"href":"https:\/\/hyperbarics-europe.com\/es\/wp-json\/wp\/v2\/pages\/3482\/revisions\/3486"}],"wp:attachment":[{"href":"https:\/\/hyperbarics-europe.com\/es\/wp-json\/wp\/v2\/media?parent=3482"}],"curies":[{"name":"wp","href":"https:\/\/api.w.org\/{rel}","templated":true}]}}