{"id":3612,"date":"2024-03-19T16:01:57","date_gmt":"2024-03-19T15:01:57","guid":{"rendered":"https:\/\/hyperbarics-europe.com\/pie-de-imprenta\/"},"modified":"2024-07-18T14:38:36","modified_gmt":"2024-07-18T13:38:36","slug":"pie-de-imprenta","status":"publish","type":"page","link":"https:\/\/hyperbarics-europe.com\/es\/pie-de-imprenta\/","title":{"rendered":"Pie de imprenta"},"content":{"rendered":"\t\t<div data-elementor-type=\"wp-page\" data-elementor-id=\"3612\" class=\"elementor elementor-3612 elementor-218\" data-elementor-post-type=\"page\">\n\t\t\t\t<div class=\"elementor-element elementor-element-ac59e17 e-flex e-con-boxed e-con e-parent\" data-id=\"ac59e17\" data-element_type=\"container\" data-e-type=\"container\" data-settings=\"{&quot;jet_parallax_layout_list&quot;:[]}\">\n\t\t\t\t\t<div class=\"e-con-inner\">\n\t\t\t\t<div class=\"elementor-element elementor-element-f5843f2 elementor-widget elementor-widget-heading\" data-id=\"f5843f2\" data-element_type=\"widget\" data-e-type=\"widget\" data-widget_type=\"heading.default\">\n\t\t\t\t<div class=\"elementor-widget-container\">\n\t\t\t\t\t<h1 class=\"elementor-heading-title elementor-size-default\">Pie de imprenta<\/h1>\t\t\t\t<\/div>\n\t\t\t\t<\/div>\n\t\t\t\t<div class=\"elementor-element elementor-element-f59a3db elementor-widget elementor-widget-text-editor\" data-id=\"f59a3db\" data-element_type=\"widget\" data-e-type=\"widget\" data-widget_type=\"text-editor.default\">\n\t\t\t\t<div class=\"elementor-widget-container\">\n\t\t\t\t\t\t\t\t\t<p>Hiperb\u00e1rica Europa HE GmbH<br>Ruth Tellert-Weigand<br>Pia Wnendt<br>Sperberstr. 15<br>97422 Schweinfurt<br>Alemania<\/p>\n<p><b>Registro mercantil:<\/b> HRB 8875<\/p>\n<p>Lugar <b>de jurisdicci\u00f3n:<\/b> Juzgado de Primera Instancia de Schweinfurt<\/p>\n<p>CIF<b>:<\/b> DE355434543<\/p>\n<p><strong>Contacto:<\/strong><\/p>\n<p>Ruth Tellert-Weigand<br>Tel: +49 152 5377 4528<\/p>\n<p>Pia Wnendt<br>Tel: +49 170 160 3287<\/p>\n<p>Correo electr\u00f3nico: <a href=\"mailto:info@hyperbarics-europe.com\" target=\"_blank\" rel=\"noopener\">info@hyperbarics-europe.com<\/a><\/p>\n<h2>Responsable del contenido seg\u00fan \u00a7 55 Abs. 2 RStV<\/h2>\n<p>Ruth Tellert-Weigand<br>Direcci\u00f3n, ver arriba<\/p>\n<h2>Responsabilidad por el contenido<\/h2>\n<p>Como proveedor de servicios, estamos obligados seg\u00fan \u00a7 7 p\u00e1rrafo 1 TMG es responsable de su propio contenido en estas p\u00e1ginas de acuerdo con las leyes generales. Sin embargo, seg\u00fan los \u00a7\u00a7 8 a 10 de la TMG, como proveedor de servicios no estamos obligados a controlar la informaci\u00f3n de terceros transmitida o almacenada ni a investigar circunstancias que indiquen una actividad ilegal.<\/p>\n<p>Esto no afecta a las obligaciones de eliminar o bloquear el uso de informaci\u00f3n de acuerdo con la legislaci\u00f3n general. Sin embargo, la responsabilidad a este respecto s\u00f3lo es posible a partir del momento en que se tiene conocimiento de una infracci\u00f3n concreta. Tan pronto como tengamos conocimiento de tales infracciones, eliminaremos este contenido inmediatamente.<\/p>\n<h2>Responsabilidad de los enlaces<\/h2>\n<p>Nuestro sitio web contiene enlaces a sitios web externos de terceros sobre cuyo contenido no tenemos ninguna influencia. Por lo tanto, no podemos aceptar ninguna responsabilidad por este contenido de terceros. El respectivo proveedor u operador de las p\u00e1ginas es siempre responsable del contenido de las p\u00e1ginas enlazadas. Las p\u00e1ginas enlazadas se comprobaron para detectar posibles infracciones legales en el momento de enlazarlas. Los contenidos ilegales no eran reconocibles en el momento del enlace.<\/p>\n<p>Sin embargo, la vigilancia permanente del contenido de las p\u00e1ginas enlazadas no es razonable sin pruebas concretas de una infracci\u00f3n. Si tenemos conocimiento de alguna infracci\u00f3n legal, eliminaremos dichos enlaces inmediatamente.<\/p>\n<h2>Derechos de autor<\/h2>\n<p>El contenido y las obras creadas por los operadores del sitio en estas p\u00e1ginas est\u00e1n sujetos a la legislaci\u00f3n alemana sobre derechos de autor. La reproducci\u00f3n, edici\u00f3n, distribuci\u00f3n y cualquier tipo de utilizaci\u00f3n fuera de los l\u00edmites de la ley de derechos de autor requieren el consentimiento por escrito del autor o creador respectivo. Las descargas y copias de este sitio s\u00f3lo est\u00e1n permitidas para uso privado y no comercial.<\/p>\n<p>En la medida en que el contenido de este sitio no haya sido creado por el operador, se respetan los derechos de autor de terceros. En particular, los contenidos de terceros se etiquetan como tales. Si, a pesar de todo, tuvieras conocimiento de una infracci\u00f3n de los derechos de autor, te rogamos que nos lo comuniques. Si tenemos conocimiento de alguna infracci\u00f3n legal, eliminaremos dicho contenido inmediatamente.<\/p>\t\t\t\t\t\t\t\t<\/div>\n\t\t\t\t<\/div>\n\t\t\t\t\t<\/div>\n\t\t\t\t<\/div>\n\t\t\t\t<\/div>\n\t\t","protected":false},"excerpt":{"rendered":"<p>Hiperb\u00e1rica Europa HE GmbHRuth Tellert-WeigandPia WnendtSperberstr. 1597422 SchweinfurtAlemania Registro mercantil: HRB 8875 Lugar de jurisdicci\u00f3n: Juzgado de Primera Instancia de Schweinfurt CIF: DE355434543 Contacto: Ruth Tellert-WeigandTel: +49 152 5377 4528 Pia WnendtTel: +49 170 160 3287 Correo electr\u00f3nico: info@hyperbarics-europe.com Responsable del contenido seg\u00fan \u00a7 55 Abs. 2 RStV Ruth Tellert-WeigandDirecci\u00f3n, ver arriba Responsabilidad por el [&hellip;]<\/p>\n","protected":false},"author":3,"featured_media":0,"parent":0,"menu_order":0,"comment_status":"closed","ping_status":"closed","template":"","meta":{"_acf_changed":false,"_coblocks_attr":"","_coblocks_dimensions":"","_coblocks_responsive_height":"","_coblocks_accordion_ie_support":"","content-type":"","footnotes":""},"class_list":["post-3612","page","type-page","status-publish","hentry"],"acf":[],"_links":{"self":[{"href":"https:\/\/hyperbarics-europe.com\/es\/wp-json\/wp\/v2\/pages\/3612","targetHints":{"allow":["GET"]}}],"collection":[{"href":"https:\/\/hyperbarics-europe.com\/es\/wp-json\/wp\/v2\/pages"}],"about":[{"href":"https:\/\/hyperbarics-europe.com\/es\/wp-json\/wp\/v2\/types\/page"}],"author":[{"embeddable":true,"href":"https:\/\/hyperbarics-europe.com\/es\/wp-json\/wp\/v2\/users\/3"}],"replies":[{"embeddable":true,"href":"https:\/\/hyperbarics-europe.com\/es\/wp-json\/wp\/v2\/comments?post=3612"}],"version-history":[{"count":1,"href":"https:\/\/hyperbarics-europe.com\/es\/wp-json\/wp\/v2\/pages\/3612\/revisions"}],"predecessor-version":[{"id":3613,"href":"https:\/\/hyperbarics-europe.com\/es\/wp-json\/wp\/v2\/pages\/3612\/revisions\/3613"}],"wp:attachment":[{"href":"https:\/\/hyperbarics-europe.com\/es\/wp-json\/wp\/v2\/media?parent=3612"}],"curies":[{"name":"wp","href":"https:\/\/api.w.org\/{rel}","templated":true}]}}