{"id":3462,"date":"2024-03-19T16:41:24","date_gmt":"2024-03-19T15:41:24","guid":{"rendered":"https:\/\/hyperbarics-europe.com\/faq\/"},"modified":"2024-07-18T14:34:01","modified_gmt":"2024-07-18T13:34:01","slug":"faq","status":"publish","type":"page","link":"https:\/\/hyperbarics-europe.com\/pt-pt\/faq\/","title":{"rendered":"FAQ"},"content":{"rendered":"\t\t<div data-elementor-type=\"wp-page\" data-elementor-id=\"3462\" class=\"elementor elementor-3462 elementor-271\" data-elementor-post-type=\"page\">\n\t\t\t\t<div class=\"elementor-element elementor-element-7f56026 e-flex e-con-boxed e-con e-parent\" data-id=\"7f56026\" data-element_type=\"container\" data-e-type=\"container\" data-settings=\"{&quot;jet_parallax_layout_list&quot;:[]}\">\n\t\t\t\t\t<div class=\"e-con-inner\">\n\t\t\t\t<div class=\"elementor-element elementor-element-ca5a00d elementor-widget elementor-widget-heading\" data-id=\"ca5a00d\" data-element_type=\"widget\" data-e-type=\"widget\" data-widget_type=\"heading.default\">\n\t\t\t\t<div class=\"elementor-widget-container\">\n\t\t\t\t\t<h1 class=\"elementor-heading-title elementor-size-default\">Perguntas mais frequentes\n<\/h1>\t\t\t\t<\/div>\n\t\t\t\t<\/div>\n\t\t\t\t<div class=\"elementor-element elementor-element-73dfefd elementor-widget elementor-widget-text-editor\" data-id=\"73dfefd\" data-element_type=\"widget\" data-e-type=\"widget\" data-widget_type=\"text-editor.default\">\n\t\t\t\t<div class=\"elementor-widget-container\">\n\t\t\t\t\t\t\t\t\t<h2>Como funciona exatamente uma aplica\u00e7\u00e3o?<\/h2>\n<p>Numa c\u00e2mara hiperb\u00e1rica, o ar ambiente (21% de oxig\u00e9nio) \u00e9 introduzido na c\u00e2mara hiperb\u00e1rica a baixa press\u00e3o. A press\u00e3o da c\u00e2mara aumenta inicialmente. Assim que a press\u00e3o desejada de 0,3 bar \u00e9 atingida, abrem-se duas v\u00e1lvulas de funcionamento independente. Estas v\u00e1lvulas evitam o risco de press\u00e3o excessiva na c\u00e2mara hiperb\u00e1rica. Durante a utiliza\u00e7\u00e3o, \u00e9 constantemente introduzido ar fresco nas c\u00e2maras hiperb\u00e1ricas at\u00e9 que a press\u00e3o regresse \u00e0 press\u00e3o ambiente. A press\u00e3o na c\u00e2mara hiperb\u00e1rica mant\u00e9m-se constante durante toda a sess\u00e3o. No final da utiliza\u00e7\u00e3o, a press\u00e3o \u00e9 lentamente libertada atrav\u00e9s de uma v\u00e1lvula de liberta\u00e7\u00e3o at\u00e9 que a press\u00e3o na c\u00e2mara hiperb\u00e1rica corresponda novamente \u00e0 press\u00e3o ambiente. A diferen\u00e7a de press\u00e3o \u00e9 compar\u00e1vel \u00e0 diferen\u00e7a de press\u00e3o quando utilizas um avi\u00e3o comercial, o que se designa por &#8220;mergulho&#8221;. Muitos utilizadores descrevem a introdu\u00e7\u00e3o de ar como &#8220;descida&#8221;, seguida da fase de &#8220;subida&#8221;.<\/p>\n<h2>Como \u00e9 que sentes a press\u00e3o durante uma aplica\u00e7\u00e3o?<\/h2>\n<p>Enquanto utilizador, sentir\u00e1s uma sensa\u00e7\u00e3o de press\u00e3o nos ouvidos ao &#8220;mergulhar&#8221;, semelhante \u00e0 aterragem de um avi\u00e3o. Normalmente, os movimentos do maxilar inferior, o bocejo ou a degluti\u00e7\u00e3o, levam a uma ligeira equaliza\u00e7\u00e3o da press\u00e3o no ouvido m\u00e9dio. N\u00e3o sentes qualquer press\u00e3o sobre a pele.<\/p>\n<h2>Como te sentes depois de um tratamento?<\/h2>\n<p>Muitos utilizadores relatam mais energia e serenidade ap\u00f3s a utiliza\u00e7\u00e3o. No entanto, ap\u00f3s os primeiros mergulhos numa c\u00e2mara hiperb\u00e1rica, tamb\u00e9m te podes sentir cansado. Esta rea\u00e7\u00e3o desaparece normalmente ap\u00f3s algumas horas e torna-se menos pronunciada nos mergulhos seguintes. Em geral, recomendamos que bebas muita \u00e1gua ap\u00f3s cada utiliza\u00e7\u00e3o.<\/p>\n<h2>As c\u00e2maras hiperb\u00e1ricas tamb\u00e9m s\u00e3o adequadas para pessoas doentes?<\/h2>\n<p>As nossas c\u00e2maras hiperb\u00e1ricas n\u00e3o s\u00e3o classificadas como dispositivos m\u00e9dicos, mas muitos utilizadores com problemas de sa\u00fade relatam melhorias nos seus sintomas. De um modo geral, as nossas c\u00e2maras hiperb\u00e1ricas contribuem enormemente para o teu estado de sa\u00fade geral. Isto reflecte-se frequentemente no bem-estar f\u00edsico e mental, no aumento do desempenho atl\u00e9tico e na vitalidade, mesmo na velhice. O aumento do fornecimento de oxig\u00e9nio est\u00e1 no centro da regenera\u00e7\u00e3o f\u00edsica, da acumula\u00e7\u00e3o de energia e, por conseguinte, do rejuvenescimento. O nosso modelo &#8220;HE Family&#8221; \u00e9 mais adequado para pessoas com mobilidade reduzida.<\/p>\n<h2>Podes instalar uma c\u00e2mara hiperb\u00e1rica em qualquer lugar?<\/h2>\n<p>Em princ\u00edpio, sim. As nossas c\u00e2maras hiperb\u00e1ricas m\u00f3veis s\u00e3o amov\u00edveis e podem ser instaladas em v\u00e1rios locais, como quartos de hotel ou apartamentos de f\u00e9rias. Deves certificar-te sempre de que n\u00e3o existem solventes ou outros produtos qu\u00edmicos nas proximidades da c\u00e2mara hiperb\u00e1rica ou do compressor. Deve tamb\u00e9m ser mantido afastado do aquecimento e n\u00e3o deve haver fog\u00e3o ou forno a carv\u00e3o na mesma divis\u00e3o. Mesmo que o ar ambiente seja filtrado e introduzido na c\u00e2mara hiperb\u00e1rica, deves certificar-te de que o compressor est\u00e1 localizado num ambiente com ar fresco.<\/p>\n<h2>Quantas pessoas podem estar numa c\u00e2mara hiperb\u00e1rica ao mesmo tempo?<\/h2>\n<p>O nosso modelo &#8220;HE Sport&#8221; oferece espa\u00e7o para um adulto e uma crian\u00e7a pequena, o modelo &#8220;HE Relax&#8221; adapta-se a dois adultos magros e m\u00f3veis e o grande compartimento &#8220;HE Family&#8221; \u00e9 ideal para dois adultos m\u00f3veis.<\/p>\n<h2>Fica muito quente na c\u00e2mara hiperb\u00e1rica?<\/h2>\n<p>A temperatura na c\u00e2mara hiperb\u00e1rica aumenta v\u00e1rios graus devido \u00e0 press\u00e3o. Especialmente quando utilizado com crian\u00e7as ou em salas com temperaturas ambiente quentes, algumas pessoas come\u00e7am a suar rapidamente. Recomendamos que nos compres um sistema de ar condicionado. As liga\u00e7\u00f5es para tal j\u00e1 est\u00e3o pr\u00e9-equipadas nas nossas c\u00e2maras hiperb\u00e1ricas. Em geral, certifica-te de que o compressor est\u00e1 localizado numa sala bem ventilada com ar fresco e fresco. Usa roupas leves durante a utiliza\u00e7\u00e3o.<\/p>\n<h2>As c\u00e2maras hiperb\u00e1ricas ligeiras s\u00e3o seguras?<\/h2>\n<p>Sim, as nossas c\u00e2maras s\u00e3o testadas minuciosamente e com todo o cuidado em termos de seguran\u00e7a, de acordo com os crit\u00e9rios mais rigorosos, e possuem a marca CE. Tal como acontece com todos os aparelhos el\u00e9ctricos, \u00e9 necess\u00e1rio ter cuidado para garantir uma utiliza\u00e7\u00e3o adequada, tal como descrito nas instru\u00e7\u00f5es de utiliza\u00e7\u00e3o fornecidas. N\u00e3o \u00e9 permitido efetuar qualquer tipo de altera\u00e7\u00e3o no aparelho. Todos os nossos clientes recebem forma\u00e7\u00e3o sobre o manuseamento seguro das nossas c\u00e2maras hiperb\u00e1ricas no \u00e2mbito de um curso de forma\u00e7\u00e3o em linha.<\/p>\n<h2>O que podes fazer se sofreres de claustrofobia?<\/h2>\n<p>Algumas pessoas sofrem de uma sensa\u00e7\u00e3o de desconforto em espa\u00e7os confinados. Por isso, pens\u00e1mos muito no design do produto: para criar uma atmosfera amig\u00e1vel e leve, escolhemos um inv\u00f3lucro de cor muito clara, de modo a que a luz brilhe n\u00e3o s\u00f3 atrav\u00e9s das janelas, mas tamb\u00e9m atrav\u00e9s da lona diretamente para dentro da c\u00e2mara. Tamb\u00e9m recomendamos grandes c\u00e2maras hiperb\u00e1ricas para uso privado e, por isso, mantemos deliberadamente os pre\u00e7os das nossas c\u00e2maras hiperb\u00e1ricas baixos. Para pessoas ansiosas, recomendamos o nosso modelo &#8220;HE Family&#8221;, com uma \u00e1rea de implanta\u00e7\u00e3o grande e uma altura de pouco menos de dois metros. Os adultos tamb\u00e9m podem ficar de p\u00e9 aqui e h\u00e1 espa\u00e7o suficiente para um acompanhante. A comunica\u00e7\u00e3o \u00e9 poss\u00edvel a qualquer momento atrav\u00e9s da lona &#8211; mesmo quando o compressor est\u00e1 a funcionar. Todas as nossas c\u00e2maras hiperb\u00e1ricas tamb\u00e9m podem ser operadas e abertas a partir do interior.<\/p>\n<p>Recomendamos-te tamb\u00e9m uma campainha de r\u00e1dio. \u00c9 poss\u00edvel parar a sess\u00e3o em qualquer altura, libertar a press\u00e3o de ar e abrir a c\u00e2mara hiperb\u00e1rica. Por favor, informa os teus ajudantes no exterior sobre a tua claustrofobia antes de os utilizares. Primeiro, passa algum tempo com o fecho bem aberto, a relaxar. Leva o tempo que quiseres no in\u00edcio e come\u00e7a com tempos mais curtos e menos press\u00e3o. Leva um companheiro de confian\u00e7a contigo para a c\u00e2mara hiperb\u00e1rica.<\/p>\n<p>Senta-te em frente a uma janela e olha para fora, isso vai acalmar-te. Leva contigo m\u00fasica, um livro ou um tablet para te divertires e ocupa-te com temas agrad\u00e1veis. Leva uma crian\u00e7a contigo para a c\u00e2mara, as crian\u00e7as consideram a sua estadia na c\u00e2mara hiperb\u00e1rica um momento agrad\u00e1vel e relaxante e j\u00e1 aliviaram os medos de muitos adultos. Algo reconfortante no final: quase todos os utilizadores est\u00e3o inicialmente um pouco assustados com o seu primeiro mergulho, mas ap\u00f3s dois ou tr\u00eas mergulhos todos os utilizadores est\u00e3o muito mais relaxados.<\/p>\n<h2>Como \u00e9 que te podes manter ocupado na c\u00e2mara hiperb\u00e1rica durante a sess\u00e3o?<\/h2>\n<p>Alguns utilizadores relaxam e aproveitam o tempo para fazer uma pequena sesta para recuperar. Podem ser utilizados dispositivos electr\u00f3nicos como telem\u00f3veis, tablets ou leitores de mp3. No entanto, lembra-te que queres recuperar na c\u00e2mara hiperb\u00e1rica e que, por isso, deves evitar ao m\u00e1ximo a radia\u00e7\u00e3o de alta frequ\u00eancia. Por raz\u00f5es de higiene, recomendamos que s\u00f3 leves \u00e1gua sem g\u00e1s numa garrafa de pl\u00e1stico para a c\u00e2mara hiperb\u00e1rica.<\/p>\n<h2>Posso experimentar as c\u00e2maras hiperb\u00e1ricas antes de as comprar?<\/h2>\n<p>Antes de comprares uma c\u00e2mara, aconselhamos-te vivamente a experiment\u00e1-la pessoalmente. Podes visitar um dos nossos showrooms mediante marca\u00e7\u00e3o pr\u00e9via.<\/p>\n\t\t\t\t\t\t\t\t<\/div>\n\t\t\t\t<\/div>\n\t\t\t\t\t<\/div>\n\t\t\t\t<\/div>\n\t\t\t\t<\/div>\n\t\t","protected":false},"excerpt":{"rendered":"<p>Perguntas mais frequentes Como funciona exatamente uma aplica\u00e7\u00e3o? Numa c\u00e2mara hiperb\u00e1rica, o ar ambiente (21% de oxig\u00e9nio) \u00e9 introduzido na c\u00e2mara hiperb\u00e1rica a baixa press\u00e3o. A press\u00e3o da c\u00e2mara aumenta inicialmente. Assim que a press\u00e3o desejada de 0,3 bar \u00e9 atingida, abrem-se duas v\u00e1lvulas de funcionamento independente. Estas v\u00e1lvulas evitam o risco de press\u00e3o excessiva [&hellip;]<\/p>\n","protected":false},"author":3,"featured_media":0,"parent":0,"menu_order":0,"comment_status":"closed","ping_status":"closed","template":"","meta":{"_acf_changed":false,"_coblocks_attr":"","_coblocks_dimensions":"","_coblocks_responsive_height":"","_coblocks_accordion_ie_support":"","content-type":"","footnotes":""},"class_list":["post-3462","page","type-page","status-publish","hentry"],"acf":[],"_links":{"self":[{"href":"https:\/\/hyperbarics-europe.com\/pt-pt\/wp-json\/wp\/v2\/pages\/3462","targetHints":{"allow":["GET"]}}],"collection":[{"href":"https:\/\/hyperbarics-europe.com\/pt-pt\/wp-json\/wp\/v2\/pages"}],"about":[{"href":"https:\/\/hyperbarics-europe.com\/pt-pt\/wp-json\/wp\/v2\/types\/page"}],"author":[{"embeddable":true,"href":"https:\/\/hyperbarics-europe.com\/pt-pt\/wp-json\/wp\/v2\/users\/3"}],"replies":[{"embeddable":true,"href":"https:\/\/hyperbarics-europe.com\/pt-pt\/wp-json\/wp\/v2\/comments?post=3462"}],"version-history":[{"count":1,"href":"https:\/\/hyperbarics-europe.com\/pt-pt\/wp-json\/wp\/v2\/pages\/3462\/revisions"}],"predecessor-version":[{"id":3464,"href":"https:\/\/hyperbarics-europe.com\/pt-pt\/wp-json\/wp\/v2\/pages\/3462\/revisions\/3464"}],"wp:attachment":[{"href":"https:\/\/hyperbarics-europe.com\/pt-pt\/wp-json\/wp\/v2\/media?parent=3462"}],"curies":[{"name":"wp","href":"https:\/\/api.w.org\/{rel}","templated":true}]}}