{"id":3614,"date":"2024-03-19T16:01:57","date_gmt":"2024-03-19T15:01:57","guid":{"rendered":"https:\/\/hyperbarics-europe.com\/impressao\/"},"modified":"2024-07-18T14:38:36","modified_gmt":"2024-07-18T13:38:36","slug":"impressao","status":"publish","type":"page","link":"https:\/\/hyperbarics-europe.com\/pt-pt\/impressao\/","title":{"rendered":"Impress\u00e3o"},"content":{"rendered":"\t\t<div data-elementor-type=\"wp-page\" data-elementor-id=\"3614\" class=\"elementor elementor-3614 elementor-218\" data-elementor-post-type=\"page\">\n\t\t\t\t<div class=\"elementor-element elementor-element-ac59e17 e-flex e-con-boxed e-con e-parent\" data-id=\"ac59e17\" data-element_type=\"container\" data-e-type=\"container\" data-settings=\"{&quot;jet_parallax_layout_list&quot;:[]}\">\n\t\t\t\t\t<div class=\"e-con-inner\">\n\t\t\t\t<div class=\"elementor-element elementor-element-f5843f2 elementor-widget elementor-widget-heading\" data-id=\"f5843f2\" data-element_type=\"widget\" data-e-type=\"widget\" data-widget_type=\"heading.default\">\n\t\t\t\t<div class=\"elementor-widget-container\">\n\t\t\t\t\t<h1 class=\"elementor-heading-title elementor-size-default\">Impress\u00e3o<\/h1>\t\t\t\t<\/div>\n\t\t\t\t<\/div>\n\t\t\t\t<div class=\"elementor-element elementor-element-f59a3db elementor-widget elementor-widget-text-editor\" data-id=\"f59a3db\" data-element_type=\"widget\" data-e-type=\"widget\" data-widget_type=\"text-editor.default\">\n\t\t\t\t<div class=\"elementor-widget-container\">\n\t\t\t\t\t\t\t\t\t<p>Hyperbarics Europe HE GmbH<br>Ruth Tellert-Weigand<br>Pia Wnendt<br>Sperberstr. 15<br>97422 Schweinfurt<br>Alemanha<\/p>\n<p><b>Registo comercial:<\/b> HRB 8875<\/p>\n<p><b>Local de jurisdi\u00e7\u00e3o:<\/b> Tribunal local de Schweinfurt<\/p>\n<p>N.<b>\u00ba de identifica\u00e7\u00e3o IVA:<\/b> DE355434543<\/p>\n<p><strong>Contacta-nos:<\/strong><\/p>\n<p>Ruth Tellert-Weigand<br>Tel: +49 152 5377 4528<\/p>\n<p>Pia Wnendt<br>Tel: +49 170 160 3287<\/p>\n<p>Correio eletr\u00f3nico: <a href=\"mailto:info@hyperbarics-europe.com\" target=\"_blank\" rel=\"noopener\">info@hyperbarics-europe.com<\/a><\/p>\n<h2>Respons\u00e1vel pelo conte\u00fado de acordo com o \u00a7 55 Abs. 2 RStV<\/h2>\n<p>Ruth Tellert-Weigand<br>Endere\u00e7o, ver acima<\/p>\n<h2>Responsabilidade pelo conte\u00fado<\/h2>\n<p>Como prestador de servi\u00e7os, somos obrigados, nos termos do \u00a7 7 para.1 A TMG \u00e9 respons\u00e1vel pelo seu pr\u00f3prio conte\u00fado nestas p\u00e1ginas de acordo com as leis gerais. No entanto, de acordo com os \u00a7\u00a7 8 a 10 da TMG, n\u00f3s, enquanto prestadores de servi\u00e7os, n\u00e3o somos obrigados a monitorizar informa\u00e7\u00f5es transmitidas ou armazenadas de terceiros ou a investigar circunst\u00e2ncias que indiquem actividades ilegais.<\/p>\n<p>As obriga\u00e7\u00f5es de remover ou bloquear a utiliza\u00e7\u00e3o de informa\u00e7\u00f5es em conformidade com a legisla\u00e7\u00e3o geral n\u00e3o s\u00e3o afectadas por este facto. No entanto, a responsabilidade a este respeito s\u00f3 \u00e9 poss\u00edvel a partir do momento em que se tem conhecimento de uma infra\u00e7\u00e3o espec\u00edfica. Assim que tivermos conhecimento de tais infrac\u00e7\u00f5es, removeremos imediatamente esse conte\u00fado.<\/p>\n<h2>Responsabilidade pelas liga\u00e7\u00f5es<\/h2>\n<p>O nosso s\u00edtio Web cont\u00e9m liga\u00e7\u00f5es a s\u00edtios Web externos de terceiros sobre cujo conte\u00fado n\u00e3o temos qualquer influ\u00eancia. Por conseguinte, n\u00e3o podemos aceitar qualquer responsabilidade por este conte\u00fado de terceiros. O respetivo fornecedor ou operador das p\u00e1ginas \u00e9 sempre respons\u00e1vel pelo conte\u00fado das p\u00e1ginas ligadas. As p\u00e1ginas ligadas foram verificadas quanto a poss\u00edveis viola\u00e7\u00f5es legais no momento da liga\u00e7\u00e3o. Os conte\u00fados ilegais n\u00e3o eram reconhec\u00edveis no momento da liga\u00e7\u00e3o.<\/p>\n<p>No entanto, o controlo permanente do conte\u00fado das p\u00e1ginas ligadas n\u00e3o \u00e9 razo\u00e1vel sem provas concretas de uma infra\u00e7\u00e3o. Se tivermos conhecimento de quaisquer infrac\u00e7\u00f5es legais, removeremos imediatamente essas liga\u00e7\u00f5es.<\/p>\n<h2>Direitos de autor<\/h2>\n<p>Os conte\u00fados e obras criados pelos operadores do s\u00edtio nestas p\u00e1ginas est\u00e3o sujeitos \u00e0 legisla\u00e7\u00e3o alem\u00e3 em mat\u00e9ria de direitos de autor. A reprodu\u00e7\u00e3o, edi\u00e7\u00e3o, distribui\u00e7\u00e3o e qualquer tipo de utiliza\u00e7\u00e3o fora dos limites da lei dos direitos de autor requerem o consentimento escrito do respetivo autor ou criador. Os downloads e c\u00f3pias deste s\u00edtio s\u00f3 s\u00e3o permitidos para uso privado e n\u00e3o comercial.<\/p>\n<p>Na medida em que o conte\u00fado deste s\u00edtio n\u00e3o foi criado pelo operador, os direitos de autor de terceiros s\u00e3o respeitados. Em particular, os conte\u00fados de terceiros s\u00e3o rotulados como tal. Se, no entanto, tiveres conhecimento de uma viola\u00e7\u00e3o dos direitos de autor, informa-nos desse facto. Se tivermos conhecimento de quaisquer infrac\u00e7\u00f5es legais, removeremos imediatamente esse conte\u00fado.<\/p>\t\t\t\t\t\t\t\t<\/div>\n\t\t\t\t<\/div>\n\t\t\t\t\t<\/div>\n\t\t\t\t<\/div>\n\t\t\t\t<\/div>\n\t\t","protected":false},"excerpt":{"rendered":"<p>Hyperbarics Europe HE GmbHRuth Tellert-WeigandPia WnendtSperberstr. 1597422 SchweinfurtAlemanha Registo comercial: HRB 8875 Local de jurisdi\u00e7\u00e3o: Tribunal local de Schweinfurt N.\u00ba de identifica\u00e7\u00e3o IVA: DE355434543 Contacta-nos: Ruth Tellert-WeigandTel: +49 152 5377 4528 Pia WnendtTel: +49 170 160 3287 Correio eletr\u00f3nico: info@hyperbarics-europe.com Respons\u00e1vel pelo conte\u00fado de acordo com o \u00a7 55 Abs. 2 RStV Ruth Tellert-WeigandEndere\u00e7o, ver [&hellip;]<\/p>\n","protected":false},"author":3,"featured_media":0,"parent":0,"menu_order":0,"comment_status":"closed","ping_status":"closed","template":"","meta":{"_acf_changed":false,"_coblocks_attr":"","_coblocks_dimensions":"","_coblocks_responsive_height":"","_coblocks_accordion_ie_support":"","content-type":"","footnotes":""},"class_list":["post-3614","page","type-page","status-publish","hentry"],"acf":[],"_links":{"self":[{"href":"https:\/\/hyperbarics-europe.com\/pt-pt\/wp-json\/wp\/v2\/pages\/3614","targetHints":{"allow":["GET"]}}],"collection":[{"href":"https:\/\/hyperbarics-europe.com\/pt-pt\/wp-json\/wp\/v2\/pages"}],"about":[{"href":"https:\/\/hyperbarics-europe.com\/pt-pt\/wp-json\/wp\/v2\/types\/page"}],"author":[{"embeddable":true,"href":"https:\/\/hyperbarics-europe.com\/pt-pt\/wp-json\/wp\/v2\/users\/3"}],"replies":[{"embeddable":true,"href":"https:\/\/hyperbarics-europe.com\/pt-pt\/wp-json\/wp\/v2\/comments?post=3614"}],"version-history":[{"count":1,"href":"https:\/\/hyperbarics-europe.com\/pt-pt\/wp-json\/wp\/v2\/pages\/3614\/revisions"}],"predecessor-version":[{"id":3615,"href":"https:\/\/hyperbarics-europe.com\/pt-pt\/wp-json\/wp\/v2\/pages\/3614\/revisions\/3615"}],"wp:attachment":[{"href":"https:\/\/hyperbarics-europe.com\/pt-pt\/wp-json\/wp\/v2\/media?parent=3614"}],"curies":[{"name":"wp","href":"https:\/\/api.w.org\/{rel}","templated":true}]}}