{"id":3551,"date":"2024-03-19T16:01:57","date_gmt":"2024-03-19T15:01:57","guid":{"rendered":"https:\/\/hyperbarics-europe.com\/avtryck\/"},"modified":"2024-07-18T14:36:50","modified_gmt":"2024-07-18T13:36:50","slug":"avtryck","status":"publish","type":"page","link":"https:\/\/hyperbarics-europe.com\/sv\/avtryck\/","title":{"rendered":"Avtryck"},"content":{"rendered":"\t\t<div data-elementor-type=\"wp-page\" data-elementor-id=\"3551\" class=\"elementor elementor-3551 elementor-218\" data-elementor-post-type=\"page\">\n\t\t\t\t<div class=\"elementor-element elementor-element-ac59e17 e-flex e-con-boxed e-con e-parent\" data-id=\"ac59e17\" data-element_type=\"container\" data-e-type=\"container\" data-settings=\"{&quot;jet_parallax_layout_list&quot;:[]}\">\n\t\t\t\t\t<div class=\"e-con-inner\">\n\t\t\t\t<div class=\"elementor-element elementor-element-f5843f2 elementor-widget elementor-widget-heading\" data-id=\"f5843f2\" data-element_type=\"widget\" data-e-type=\"widget\" data-widget_type=\"heading.default\">\n\t\t\t\t<div class=\"elementor-widget-container\">\n\t\t\t\t\t<h1 class=\"elementor-heading-title elementor-size-default\">Avtryck<\/h1>\t\t\t\t<\/div>\n\t\t\t\t<\/div>\n\t\t\t\t<div class=\"elementor-element elementor-element-f59a3db elementor-widget elementor-widget-text-editor\" data-id=\"f59a3db\" data-element_type=\"widget\" data-e-type=\"widget\" data-widget_type=\"text-editor.default\">\n\t\t\t\t<div class=\"elementor-widget-container\">\n\t\t\t\t\t\t\t\t\t<p>Hyperbarics Europe HE GmbH<br>Ruth Tellert-Weigand<br>Pia Wnendt<br>Sperberstr. 15<br>97422 Schweinfurt<br>Tyskland<\/p>\n<p>Handelsregister: HRB 8875<\/p>\n<p>Domstolsort: Amtsgericht Schweinfurt<\/p>\n<p><b>Momsregistreringsnummer:<\/b> DE355434543<\/p>\n<p><strong>Kontakta oss:<\/strong><\/p>\n<p>Ruth Tellert-Weigand<br>Tel: +49 152 5377 4528<\/p>\n<p>Pia Wnendt<br>Tel: +49 170 160 3287<\/p>\n<p>E-post: <a href=\"mailto:info@hyperbarics-europe.com\" target=\"_blank\" rel=\"noopener\">info@hyperbarics-europe.com<\/a><\/p>\n<h2>Ansvarig f\u00f6r inneh\u00e5llet enligt \u00a7 55 Abs. 2 RStV<\/h2>\n<p>Ruth Tellert-Weigand<br>Adress, se ovan<\/p>\n<h2>Ansvar f\u00f6r inneh\u00e5ll<\/h2>\n<p>Som tj\u00e4nsteleverant\u00f6r \u00e4r vi enligt \u00a7 7.1 skyldiga att TMG ansvarar f\u00f6r sitt eget inneh\u00e5ll p\u00e5 dessa sidor i enlighet med allm\u00e4nna lagar. Enligt \u00a7\u00a7 8 till 10 TMG \u00e4r vi som tj\u00e4nsteleverant\u00f6r dock inte skyldiga att \u00f6vervaka \u00f6verf\u00f6rd eller lagrad information fr\u00e5n tredje part eller att unders\u00f6ka omst\u00e4ndigheter som tyder p\u00e5 olaglig verksamhet.<\/p>\n<p>Skyldigheter att ta bort eller blockera anv\u00e4ndningen av information i enlighet med allm\u00e4nna lagar p\u00e5verkas inte av detta. Ansvar i detta avseende kan dock endast utkr\u00e4vas fr\u00e5n och med tidpunkten f\u00f6r k\u00e4nnedom om ett specifikt intr\u00e5ng. S\u00e5 snart vi blir medvetna om s\u00e5dana \u00f6vertr\u00e4delser kommer vi att ta bort detta inneh\u00e5ll omedelbart.<\/p>\n<h2>Ansvar f\u00f6r l\u00e4nkar<\/h2>\n<p>V\u00e5r webbplats inneh\u00e5ller l\u00e4nkar till externa webbplatser fr\u00e5n tredje part vars inneh\u00e5ll vi inte har n\u00e5got inflytande \u00f6ver. D\u00e4rf\u00f6r kan vi inte ta n\u00e5got ansvar f\u00f6r s\u00e5dant inneh\u00e5ll fr\u00e5n tredje part. Respektive leverant\u00f6r eller operat\u00f6r av sidorna \u00e4r alltid ansvarig f\u00f6r inneh\u00e5llet p\u00e5 de l\u00e4nkade sidorna. De l\u00e4nkade sidorna har vid tidpunkten f\u00f6r l\u00e4nkningen kontrollerats med avseende p\u00e5 eventuella lag\u00f6vertr\u00e4delser. Olagligt inneh\u00e5ll kunde inte identifieras vid tidpunkten f\u00f6r l\u00e4nkningen.<\/p>\n<p>En permanent \u00f6vervakning av inneh\u00e5llet p\u00e5 de l\u00e4nkade sidorna \u00e4r dock inte rimlig utan konkreta bevis f\u00f6r att ett intr\u00e5ng har beg\u00e5tts. Om vi f\u00e5r k\u00e4nnedom om n\u00e5gra lag\u00f6vertr\u00e4delser kommer vi att ta bort s\u00e5dana l\u00e4nkar omedelbart.<\/p>\n<h2>Upphovsr\u00e4tt<\/h2>\n<p>Inneh\u00e5llet och de verk som skapats av webbplatsoperat\u00f6rerna p\u00e5 dessa sidor omfattas av tysk upphovsr\u00e4ttslagstiftning. M\u00e5ngfaldigande, redigering, distribution och all slags anv\u00e4ndning utanf\u00f6r upphovsr\u00e4ttslagens gr\u00e4nser kr\u00e4ver skriftligt medgivande fr\u00e5n respektive f\u00f6rfattare eller upphovsman. Nedladdningar och kopior av denna webbplats \u00e4r endast till\u00e5tna f\u00f6r privat, icke-kommersiellt bruk.<\/p>\n<p>I den m\u00e5n inneh\u00e5llet p\u00e5 denna webbplats inte har skapats av operat\u00f6ren, respekteras tredje parts upphovsr\u00e4tt. I synnerhet inneh\u00e5ll fr\u00e5n tredje part \u00e4r m\u00e4rkt som s\u00e5dant. Om du \u00e4nd\u00e5 skulle f\u00e5 k\u00e4nnedom om ett upphovsr\u00e4ttsintr\u00e5ng ber vi dig att informera oss om detta. Om vi f\u00e5r k\u00e4nnedom om n\u00e5gra lag\u00f6vertr\u00e4delser kommer vi att ta bort s\u00e5dant inneh\u00e5ll omedelbart.<\/p>\t\t\t\t\t\t\t\t<\/div>\n\t\t\t\t<\/div>\n\t\t\t\t\t<\/div>\n\t\t\t\t<\/div>\n\t\t\t\t<\/div>\n\t\t","protected":false},"excerpt":{"rendered":"<p>Hyperbarics Europe HE GmbHRuth Tellert-WeigandPia WnendtSperberstr. 1597422 SchweinfurtTyskland Handelsregister: HRB 8875 Domstolsort: Amtsgericht Schweinfurt Momsregistreringsnummer: DE355434543 Kontakta oss: Ruth Tellert-WeigandTel: +49 152 5377 4528 Pia WnendtTel: +49 170 160 3287 E-post: info@hyperbarics-europe.com Ansvarig f\u00f6r inneh\u00e5llet enligt \u00a7 55 Abs. 2 RStV Ruth Tellert-WeigandAdress, se ovan Ansvar f\u00f6r inneh\u00e5ll Som tj\u00e4nsteleverant\u00f6r \u00e4r vi enligt \u00a7 7.1 [&hellip;]<\/p>\n","protected":false},"author":3,"featured_media":0,"parent":0,"menu_order":0,"comment_status":"closed","ping_status":"closed","template":"","meta":{"_acf_changed":false,"_coblocks_attr":"","_coblocks_dimensions":"","_coblocks_responsive_height":"","_coblocks_accordion_ie_support":"","content-type":"","footnotes":""},"class_list":["post-3551","page","type-page","status-publish","hentry"],"acf":[],"_links":{"self":[{"href":"https:\/\/hyperbarics-europe.com\/sv\/wp-json\/wp\/v2\/pages\/3551","targetHints":{"allow":["GET"]}}],"collection":[{"href":"https:\/\/hyperbarics-europe.com\/sv\/wp-json\/wp\/v2\/pages"}],"about":[{"href":"https:\/\/hyperbarics-europe.com\/sv\/wp-json\/wp\/v2\/types\/page"}],"author":[{"embeddable":true,"href":"https:\/\/hyperbarics-europe.com\/sv\/wp-json\/wp\/v2\/users\/3"}],"replies":[{"embeddable":true,"href":"https:\/\/hyperbarics-europe.com\/sv\/wp-json\/wp\/v2\/comments?post=3551"}],"version-history":[{"count":1,"href":"https:\/\/hyperbarics-europe.com\/sv\/wp-json\/wp\/v2\/pages\/3551\/revisions"}],"predecessor-version":[{"id":3552,"href":"https:\/\/hyperbarics-europe.com\/sv\/wp-json\/wp\/v2\/pages\/3551\/revisions\/3552"}],"wp:attachment":[{"href":"https:\/\/hyperbarics-europe.com\/sv\/wp-json\/wp\/v2\/media?parent=3551"}],"curies":[{"name":"wp","href":"https:\/\/api.w.org\/{rel}","templated":true}]}}