{"id":3555,"date":"2024-03-19T16:02:16","date_gmt":"2024-03-19T15:02:16","guid":{"rendered":"https:\/\/hyperbarics-europe.com\/ansvarsfriskrivning\/"},"modified":"2024-10-28T15:23:46","modified_gmt":"2024-10-28T14:23:46","slug":"ansvarsfriskrivning","status":"publish","type":"page","link":"https:\/\/hyperbarics-europe.com\/sv\/ansvarsfriskrivning\/","title":{"rendered":"Ansvarsfriskrivning"},"content":{"rendered":"\t\t<div data-elementor-type=\"wp-page\" data-elementor-id=\"3555\" class=\"elementor elementor-3555 elementor-222\" data-elementor-post-type=\"page\">\n\t\t\t\t<div class=\"elementor-element elementor-element-ae8e9f3 e-flex e-con-boxed e-con e-parent\" data-id=\"ae8e9f3\" data-element_type=\"container\" data-e-type=\"container\" data-settings=\"{&quot;jet_parallax_layout_list&quot;:[]}\">\n\t\t\t\t\t<div class=\"e-con-inner\">\n\t\t\t\t<div class=\"elementor-element elementor-element-b70e5ff elementor-widget elementor-widget-heading\" data-id=\"b70e5ff\" data-element_type=\"widget\" data-e-type=\"widget\" data-widget_type=\"heading.default\">\n\t\t\t\t<div class=\"elementor-widget-container\">\n\t\t\t\t\t<h1 class=\"elementor-heading-title elementor-size-default\">Ansvarsfriskrivning<\/h1>\t\t\t\t<\/div>\n\t\t\t\t<\/div>\n\t\t\t\t<div class=\"elementor-element elementor-element-5f4ec68 elementor-widget elementor-widget-text-editor\" data-id=\"5f4ec68\" data-element_type=\"widget\" data-e-type=\"widget\" data-widget_type=\"text-editor.default\">\n\t\t\t\t<div class=\"elementor-widget-container\">\n\t\t\t\t\t\t\t\t\t<h2>Ansvarsfriskrivning<\/h2>\n<p>Apparaterna fr\u00e5n Hyperbarics Europe HE GmbH \u00e4r m\u00e4rkta som icke-medicinska apparater f\u00f6r wellness- och avkopplings\u00e4ndam\u00e5l.<\/p>\n<p>Observera att det maximala trycket i v\u00e5ra friskv\u00e5rdskammare \u00e4r 0,3 bar eller 1,3 ATA och att vi av juridiska sk\u00e4l inte erbjuder syrgasutrustning.<\/p>\n<p>Vi marknadsf\u00f6r inte v\u00e5ra h\u00e4lsokamrar som produkter f\u00f6r behandling och\/eller eliminering av skador, sjukdomar eller andra medicinska indikationer.<\/p>\n<p>Hyperbarics Europe HE GmbH g\u00f6r inga medicinska p\u00e5st\u00e5enden om produkternas effekt.<\/p>\n<p>Alla k\u00f6pare och anv\u00e4ndare tar fullt ansvar f\u00f6r sj\u00e4lvf\u00f6rs\u00f6k.<\/p>\n<h2>Ansvar f\u00f6r inneh\u00e5ll<\/h2>\n<p>Allt inneh\u00e5ll p\u00e5 v\u00e5r webbplats har skapats med st\u00f6rsta omsorg och efter b\u00e4sta m\u00f6jliga kunskap. Vi kan dock inte ta n\u00e5got ansvar f\u00f6r inneh\u00e5llets riktighet, fullst\u00e4ndighet och aktualitet. Som tj\u00e4nsteleverant\u00f6r \u00e4r vi enligt \u00a7 7.1 skyldiga att TMG ansvarar f\u00f6r sitt eget inneh\u00e5ll p\u00e5 dessa sidor i enlighet med allm\u00e4nna lagar. Enligt \u00a7\u00a7 8 till 10 TMG \u00e4r vi som tj\u00e4nsteleverant\u00f6r dock inte skyldiga att \u00f6vervaka \u00f6verf\u00f6rd eller lagrad information fr\u00e5n tredje part eller att unders\u00f6ka omst\u00e4ndigheter som tyder p\u00e5 olaglig verksamhet. Skyldigheter att ta bort eller blockera anv\u00e4ndningen av information i enlighet med allm\u00e4nna lagar p\u00e5verkas inte av detta.<\/p>\n<p>Ansvar i detta avseende kan dock endast komma ifr\u00e5ga fr\u00e5n den tidpunkt d\u00e5 vi f\u00e5r k\u00e4nnedom om en specifik \u00f6vertr\u00e4delse. Om vi f\u00e5r k\u00e4nnedom om ovan n\u00e4mnda \u00f6vertr\u00e4delser kommer vi omedelbart att ta bort detta inneh\u00e5ll.<\/p>\n<h2>Ansvarsbegr\u00e4nsning f\u00f6r externa l\u00e4nkar<\/h2>\n<p>V\u00e5r webbplats inneh\u00e5ller l\u00e4nkar till externa webbplatser fr\u00e5n tredje part. Vi har inget inflytande \u00f6ver inneh\u00e5llet p\u00e5 dessa direkt eller indirekt l\u00e4nkade webbplatser. D\u00e4rf\u00f6r kan vi inte ta n\u00e5got ansvar f\u00f6r riktigheten i inneh\u00e5llet i &#8221;externa l\u00e4nkar&#8221;. Respektive leverant\u00f6r eller operat\u00f6r (f\u00f6rfattare) av sidorna \u00e4r ansvarig f\u00f6r inneh\u00e5llet i de externa l\u00e4nkarna. De externa l\u00e4nkarna kontrollerades f\u00f6r eventuella lag\u00f6vertr\u00e4delser vid den tidpunkt d\u00e5 l\u00e4nkarna skapades och var fria fr\u00e5n olagligt inneh\u00e5ll vid den tidpunkt d\u00e5 l\u00e4nkarna skapades.<\/p>\n<p>Det \u00e4r inte m\u00f6jligt att st\u00e4ndigt kontrollera inneh\u00e5llet i externa l\u00e4nkar utan konkreta bevis p\u00e5 en \u00f6vertr\u00e4delse. Vid direkta eller indirekta l\u00e4nkar till tredje parts webbplatser som ligger utanf\u00f6r v\u00e5rt ansvarsomr\u00e5de, f\u00f6religger ansvarsskyldighet endast om vi k\u00e4nner till inneh\u00e5llet och det \u00e4r tekniskt m\u00f6jligt och rimligt f\u00f6r oss att f\u00f6rhindra anv\u00e4ndning i h\u00e4ndelse av olagligt inneh\u00e5ll.<\/p>\n<p>Denna ansvarsfriskrivning g\u00e4ller \u00e4ven f\u00f6r l\u00e4nkar och referenser som s\u00e4tts inom v\u00e5r egen webbplats<a href=\"http:\/\/www.hyperbarics-europe.xn--com-5o0a\/\" target=\"_blank\" rel=\"noopener nofollow\">&#8221;www.hyperbarics-europe.com&#8221;<\/a> av fr\u00e5gest\u00e4llare, bloggare och g\u00e4ster i diskussionsforumet.<\/p>\n<p>F\u00f6r olagligt, felaktigt eller ofullst\u00e4ndigt inneh\u00e5ll och i synnerhet f\u00f6r skador som uppst\u00e5r till f\u00f6ljd av anv\u00e4ndning eller icke-anv\u00e4ndning av s\u00e5dan information, \u00e4r endast tj\u00e4nsteleverant\u00f6ren av den sida som h\u00e4nvisas till ansvarig, inte den person som endast h\u00e4nvisar till respektive publikation via l\u00e4nkar.<\/p>\n<p>Om vi f\u00e5r k\u00e4nnedom om lag\u00f6vertr\u00e4delser kommer vi omedelbart att ta bort de externa l\u00e4nkarna.<\/p>\n<h2>Upphovsr\u00e4tt<\/h2>\n<p>Texter, bilder och annan information som publiceras p\u00e5 webbplatsen \u00e4r &#8211; om inget annat anges &#8211; f\u00f6rem\u00e5l f\u00f6r webbplatsoperat\u00f6rens upphovsr\u00e4tt. Lagring, m\u00e5ngfaldigande och reproduktion eller vidarebefordran av inneh\u00e5llet, \u00e4ven i utdrag, \u00e4r endast till\u00e5tet med skriftligt tillst\u00e5nd fr\u00e5n webbplatsoperat\u00f6ren.<\/p>\n<h2>Tvistl\u00f6sning<\/h2>\n<p>EU-kommissionens plattform f\u00f6r tvistl\u00f6sning online: http: <a href=\"http:\/\/ec.europa.eu\/consumers\/odr\" target=\"_blank\" rel=\"noopener nofollow\">\/\/ec.europa.eu\/consumers\/odr<\/a><\/p>\n<p>Vi \u00e4r varken skyldiga eller villiga att delta i tvistl\u00f6sningsf\u00f6rfaranden inf\u00f6r en skiljen\u00e4mnd f\u00f6r konsumenter.<\/p>\n\t\t\t\t\t\t\t\t<\/div>\n\t\t\t\t<\/div>\n\t\t\t\t\t<\/div>\n\t\t\t\t<\/div>\n\t\t\t\t<\/div>\n\t\t","protected":false},"excerpt":{"rendered":"<p>Ansvarsfriskrivning Apparaterna fr\u00e5n Hyperbarics Europe HE GmbH \u00e4r m\u00e4rkta som icke-medicinska apparater f\u00f6r wellness- och avkopplings\u00e4ndam\u00e5l. Observera att det maximala trycket i v\u00e5ra friskv\u00e5rdskammare \u00e4r 0,3 bar eller 1,3 ATA och att vi av juridiska sk\u00e4l inte erbjuder syrgasutrustning. Vi marknadsf\u00f6r inte v\u00e5ra h\u00e4lsokamrar som produkter f\u00f6r behandling och\/eller eliminering av skador, sjukdomar eller andra [&hellip;]<\/p>\n","protected":false},"author":3,"featured_media":0,"parent":0,"menu_order":0,"comment_status":"closed","ping_status":"closed","template":"","meta":{"_acf_changed":false,"_coblocks_attr":"","_coblocks_dimensions":"","_coblocks_responsive_height":"","_coblocks_accordion_ie_support":"","content-type":"","footnotes":""},"class_list":["post-3555","page","type-page","status-publish","hentry"],"acf":[],"_links":{"self":[{"href":"https:\/\/hyperbarics-europe.com\/sv\/wp-json\/wp\/v2\/pages\/3555","targetHints":{"allow":["GET"]}}],"collection":[{"href":"https:\/\/hyperbarics-europe.com\/sv\/wp-json\/wp\/v2\/pages"}],"about":[{"href":"https:\/\/hyperbarics-europe.com\/sv\/wp-json\/wp\/v2\/types\/page"}],"author":[{"embeddable":true,"href":"https:\/\/hyperbarics-europe.com\/sv\/wp-json\/wp\/v2\/users\/3"}],"replies":[{"embeddable":true,"href":"https:\/\/hyperbarics-europe.com\/sv\/wp-json\/wp\/v2\/comments?post=3555"}],"version-history":[{"count":1,"href":"https:\/\/hyperbarics-europe.com\/sv\/wp-json\/wp\/v2\/pages\/3555\/revisions"}],"predecessor-version":[{"id":3556,"href":"https:\/\/hyperbarics-europe.com\/sv\/wp-json\/wp\/v2\/pages\/3555\/revisions\/3556"}],"wp:attachment":[{"href":"https:\/\/hyperbarics-europe.com\/sv\/wp-json\/wp\/v2\/media?parent=3555"}],"curies":[{"name":"wp","href":"https:\/\/api.w.org\/{rel}","templated":true}]}}