{"id":3573,"date":"2024-03-19T16:02:30","date_gmt":"2024-03-19T15:02:30","guid":{"rendered":"https:\/\/hyperbarics-europe.com\/returer-och-aaterbetalningar\/"},"modified":"2024-10-28T15:23:46","modified_gmt":"2024-10-28T14:23:46","slug":"returer-och-aaterbetalningar","status":"publish","type":"page","link":"https:\/\/hyperbarics-europe.com\/sv\/returer-och-aaterbetalningar\/","title":{"rendered":"Returer och \u00e5terbetalningar"},"content":{"rendered":"\t\t<div data-elementor-type=\"wp-page\" data-elementor-id=\"3573\" class=\"elementor elementor-3573 elementor-224\" data-elementor-post-type=\"page\">\n\t\t\t\t<div class=\"elementor-element elementor-element-5ed8b63 e-flex e-con-boxed e-con e-parent\" data-id=\"5ed8b63\" data-element_type=\"container\" data-e-type=\"container\" data-settings=\"{&quot;jet_parallax_layout_list&quot;:[]}\">\n\t\t\t\t\t<div class=\"e-con-inner\">\n\t\t\t\t<div class=\"elementor-element elementor-element-09f0212 elementor-widget elementor-widget-heading\" data-id=\"09f0212\" data-element_type=\"widget\" data-e-type=\"widget\" data-widget_type=\"heading.default\">\n\t\t\t\t<div class=\"elementor-widget-container\">\n\t\t\t\t\t<h1 class=\"elementor-heading-title elementor-size-default\">Policy f\u00f6r returer och \u00e5terbetalningar POLICY F\u00d6R AVVISNINGAR\n<\/h1>\t\t\t\t<\/div>\n\t\t\t\t<\/div>\n\t\t\t\t<div class=\"elementor-element elementor-element-53f5020 elementor-widget elementor-widget-text-editor\" data-id=\"53f5020\" data-element_type=\"widget\" data-e-type=\"widget\" data-widget_type=\"text-editor.default\">\n\t\t\t\t<div class=\"elementor-widget-container\">\n\t\t\t\t\t\t\t\t\t<h2>AVBOKNINGSREGLER<\/h2>\n<p><strong>R\u00e4tt till avbest\u00e4llning<\/strong><\/p>\n<p>Du har r\u00e4tt att s\u00e4ga upp detta avtal inom fjorton dagar utan att ange n\u00e5got sk\u00e4l.<\/p>\n<p>Avbest\u00e4llningsperioden \u00e4r fjorton dagar fr\u00e5n den dag d\u00e5 du eller en tredje part som du har utsett, som inte \u00e4r transport\u00f6ren, har tagit varorna i besittning.<\/p>\n<p>Om du har best\u00e4llt flera varor i en och samma best\u00e4llning, som levereras separat, \u00e4r \u00e5ngerfristen 14 dagar fr\u00e5n den dag d\u00e5 du eller en av dig angiven tredje part, som inte \u00e4r transport\u00f6r, har tagit den sista varan i besittning.<\/p>\n<p>F\u00f6r att ut\u00f6va din \u00e5ngerr\u00e4tt m\u00e5ste du informera oss om ditt beslut att h\u00e4va detta avtal genom ett tydligt meddelande (t.ex. ett brev som skickas med post eller ett e-postmeddelande).<\/p>\n<p>Avbest\u00e4llning skriftligen eller i textform till:<\/p>\n<p>Hyperbarics Europe HE GmbH, Sperberstr.15, 97422 Schweinfurt, Tyskland<\/p>\n<p>eller via e-post till: <a href=\"mailto:info@hyperbarics-europe.com\" target=\"_blank\" rel=\"noopener\">info@hyperbarics-europe.com<\/a><\/p>\n<p><strong>Om du har n\u00e5gra fr\u00e5gor \u00e4r du v\u00e4lkommen att kontakta oss p\u00e5: 0049 152 5377 4528<\/strong><\/p>\n<p>Om du anv\u00e4nder dig av denna m\u00f6jlighet kommer vi utan dr\u00f6jsm\u00e5l att skicka dig en bekr\u00e4ftelse p\u00e5 mottagandet av en s\u00e5dan annullering (t.ex. via e-post).<\/p>\n<p>F\u00f6r att iaktta \u00e5ngerfristen r\u00e4cker det att du skickar ditt meddelande om att du utnyttjar din \u00e5ngerr\u00e4tt innan \u00e5ngerfristen l\u00f6per ut.<\/p>\n<p><strong>Konsekvenser av upps\u00e4gning<\/strong><\/p>\n<p>Om ni h\u00e4ver detta avtal ska ni \u00e5terl\u00e4mna eller \u00f6verl\u00e4mna varorna till oss omedelbart och under alla omst\u00e4ndigheter senast \u00e5tta dagar fr\u00e5n den dag d\u00e5 ni informerade oss om h\u00e4vningen av detta avtal.<\/p>\n<p>Tidsfristen \u00e4r uppfylld om du skickar varorna f\u00f6re utg\u00e5ngen av \u00e5ttadagarsperioden.<\/p>\n<p><strong>Du ska st\u00e5 f\u00f6r de kostnader som uppst\u00e5r f\u00f6r att returnera varorna till den destination som vi har angett.<\/strong><\/p>\n<p><strong>F\u00f6r att skydda dig rekommenderar vi att du v\u00e4ljer en tillr\u00e4ckligt f\u00f6rs\u00e4krad f\u00f6rs\u00e4ndelse.<\/strong><\/p>\n<p><strong>Vi kommer att informera dig skriftligen om destinationen f\u00f6r returf\u00f6rs\u00e4ndelsen i Tyskland.<\/strong><\/p>\n<p>Vi kommer att ordna \u00e5terbetalningen s\u00e5 snart varorna har anl\u00e4nt kompletta och intakta till den angivna destinationen.<\/p>\n<p>F\u00f6r denna \u00e5terbetalning anv\u00e4nder vi samma betalningsmedel som du anv\u00e4nde f\u00f6r den ursprungliga transaktionen, s\u00e5vida vi inte uttryckligen kommit \u00f6verens om n\u00e5got annat med dig.<\/p>\n<p>Vi f\u00f6rbeh\u00e5ller oss r\u00e4tten att g\u00f6ra avdrag fr\u00e5n \u00e5terbetalningen f\u00f6r v\u00e4rdeminskning p\u00e5 grund av fel, slitage eller skador som orsakats av felaktig hantering av de mottagna varorna.<\/p>\n<p><strong>Vi tar ut en rabatt p\u00e5 1.000 euro f\u00f6r hygienisk reng\u00f6ring\/f\u00f6rberedelse av de begagnade varorna.<\/strong><\/p>\n<p><strong>V\u00e4nligen notera:<\/strong><\/p>\n<p><strong>Det finns ingen \u00e5ngerr\u00e4tt f\u00f6r varor som har specialtillverkats f\u00f6r dig.<\/strong><\/p>\n<p><strong>Det finns inte heller n\u00e5gon \u00e5ngerr\u00e4tt f\u00f6r hygienartiklar som appliceras direkt p\u00e5 kroppen.<\/strong><\/p>\n<p><strong>Bokade och genomf\u00f6rda utbildningar\/instruktioner kan inte \u00e5terbetalas.<\/strong><\/p>\n<p>Avbokningsreglerna upph\u00f6r att g\u00e4lla<\/p>\n<p>Denna avbokningspolicy g\u00e4ller fr\u00e5n 01.08.2022<\/p>\n\t\t\t\t\t\t\t\t<\/div>\n\t\t\t\t<\/div>\n\t\t\t\t\t<\/div>\n\t\t\t\t<\/div>\n\t\t\t\t<\/div>\n\t\t","protected":false},"excerpt":{"rendered":"<p>Policy f\u00f6r returer och \u00e5terbetalningar POLICY F\u00d6R AVVISNINGAR AVBOKNINGSREGLER R\u00e4tt till avbest\u00e4llning Du har r\u00e4tt att s\u00e4ga upp detta avtal inom fjorton dagar utan att ange n\u00e5got sk\u00e4l. Avbest\u00e4llningsperioden \u00e4r fjorton dagar fr\u00e5n den dag d\u00e5 du eller en tredje part som du har utsett, som inte \u00e4r transport\u00f6ren, har tagit varorna i besittning. Om [&hellip;]<\/p>\n","protected":false},"author":3,"featured_media":0,"parent":0,"menu_order":0,"comment_status":"closed","ping_status":"closed","template":"","meta":{"_acf_changed":false,"_coblocks_attr":"","_coblocks_dimensions":"","_coblocks_responsive_height":"","_coblocks_accordion_ie_support":"","content-type":"","footnotes":""},"class_list":["post-3573","page","type-page","status-publish","hentry"],"acf":[],"_links":{"self":[{"href":"https:\/\/hyperbarics-europe.com\/sv\/wp-json\/wp\/v2\/pages\/3573","targetHints":{"allow":["GET"]}}],"collection":[{"href":"https:\/\/hyperbarics-europe.com\/sv\/wp-json\/wp\/v2\/pages"}],"about":[{"href":"https:\/\/hyperbarics-europe.com\/sv\/wp-json\/wp\/v2\/types\/page"}],"author":[{"embeddable":true,"href":"https:\/\/hyperbarics-europe.com\/sv\/wp-json\/wp\/v2\/users\/3"}],"replies":[{"embeddable":true,"href":"https:\/\/hyperbarics-europe.com\/sv\/wp-json\/wp\/v2\/comments?post=3573"}],"version-history":[{"count":2,"href":"https:\/\/hyperbarics-europe.com\/sv\/wp-json\/wp\/v2\/pages\/3573\/revisions"}],"predecessor-version":[{"id":3578,"href":"https:\/\/hyperbarics-europe.com\/sv\/wp-json\/wp\/v2\/pages\/3573\/revisions\/3578"}],"wp:attachment":[{"href":"https:\/\/hyperbarics-europe.com\/sv\/wp-json\/wp\/v2\/media?parent=3573"}],"curies":[{"name":"wp","href":"https:\/\/api.w.org\/{rel}","templated":true}]}}