{"id":3599,"date":"2024-03-19T16:02:04","date_gmt":"2024-03-19T15:02:04","guid":{"rendered":"https:\/\/hyperbarics-europe.com\/gtc\/"},"modified":"2024-07-18T14:38:31","modified_gmt":"2024-07-18T13:38:31","slug":"gtc","status":"publish","type":"page","link":"https:\/\/hyperbarics-europe.com\/sv\/gtc\/","title":{"rendered":"GTC"},"content":{"rendered":"\t\t<div data-elementor-type=\"wp-page\" data-elementor-id=\"3599\" class=\"elementor elementor-3599 elementor-220\" data-elementor-post-type=\"page\">\n\t\t\t\t<div class=\"elementor-element elementor-element-a96192d e-flex e-con-boxed e-con e-parent\" data-id=\"a96192d\" data-element_type=\"container\" data-e-type=\"container\" data-settings=\"{&quot;jet_parallax_layout_list&quot;:[]}\">\n\t\t\t\t\t<div class=\"e-con-inner\">\n\t\t\t\t<div class=\"elementor-element elementor-element-6be69d1 elementor-widget elementor-widget-heading\" data-id=\"6be69d1\" data-element_type=\"widget\" data-e-type=\"widget\" data-widget_type=\"heading.default\">\n\t\t\t\t<div class=\"elementor-widget-container\">\n\t\t\t\t\t<h1 class=\"elementor-heading-title elementor-size-default\">GTC<\/h1>\t\t\t\t<\/div>\n\t\t\t\t<\/div>\n\t\t\t\t<div class=\"elementor-element elementor-element-a42214c elementor-widget elementor-widget-text-editor\" data-id=\"a42214c\" data-element_type=\"widget\" data-e-type=\"widget\" data-widget_type=\"text-editor.default\">\n\t\t\t\t<div class=\"elementor-widget-container\">\n\t\t\t\t\t\t\t\t\t<div class=\"_4-col-grid\">\n<div id=\"w-node-b5f7c0e9-3234-2d10-eafb-d663c76a9cf2-8cdb7b59\" class=\"w-richtext\">\n<h2><strong>Allm\u00e4nna villkor f\u00f6r Hyperbarics Europe HE GmbH<\/strong><\/h2>\n<p><strong>Status januari 2023<\/strong><\/p>\n<p><strong>1 \u00a7 Till\u00e4mpningsomr\u00e5de \/ Definitioner<\/strong>&nbsp;<\/p>\n<p>Dessa allm\u00e4nna villkor (GTC) g\u00e4ller f\u00f6r alla leveranser av varor och tj\u00e4nster fr\u00e5n Hyperbarics Europe HE GmbH (nedan Hyperbarics Europe). V\u00e5ra allm\u00e4nna villkor g\u00e4ller f\u00f6r offentligr\u00e4ttsliga juridiska personer, f\u00f6retagare som ut\u00f6var kommersiell eller sj\u00e4lvst\u00e4ndig yrkesverksamhet och \u00e4ven f\u00f6r kunder som \u00e4r konsumenter i den mening som avses i \u00a7 13 i den tyska civillagen (BGB). Konsumenter \u00e4r fysiska personer som ing\u00e5r en r\u00e4ttshandling f\u00f6r ett \u00e4ndam\u00e5l som inte i f\u00f6rsta hand kan h\u00e4nf\u00f6ras till deras kommersiella eller sj\u00e4lvst\u00e4ndiga yrkesverksamhet. Kompletterande eller motstridiga allm\u00e4nna villkor accepteras inte.<\/p>\n<p><strong>2 \u00a7 Avtalsparter<\/strong>&nbsp;<\/p>\n<p>K\u00f6peavtalet eller serviceavtalet ing\u00e5s med Hyperbarics Europe HE GmbH, aktie\u00e4gare: Ruth Tellert-Weigand och Pia-Monika Wnendt, Sperberstr.15, 97422 Schweinfurt, Tyskland, handelsregister: Amtsgericht Schweinfurt, HRB 8875<\/p>\n<p><strong>3 \u00a7 Ing\u00e5ende av avtal<\/strong><\/p>\n<p>Presentationen av produkter i webbutiken eller p\u00e5 prislistor eller via e-post utg\u00f6r inte ett juridiskt bindande erbjudande, utan endast en inbjudan att best\u00e4lla. Alla erbjudanden kan \u00e4ndras och \u00e4r icke-bindande.<\/p>\n<p>Ett avtal ing\u00e5s f\u00f6rst n\u00e4r vi har accepterat och bekr\u00e4ftat din best\u00e4llning i textform eller har levererat varorna till dig.<\/p>\n<p>I webbutiken g\u00f6r du en bindande best\u00e4llning av de varor som anges p\u00e5 best\u00e4llningssidan genom att klicka p\u00e5 knappen &#8221;K\u00f6p\/best\u00e4ll till sj\u00e4lvkostnadspris&#8221;. K\u00f6pavtalet ing\u00e5s n\u00e4r vi accepterar din best\u00e4llning genom en orderbekr\u00e4ftelse via e-post omedelbart efter att vi mottagit din best\u00e4llning.<\/p>\n<p><strong>4 \u00a7 \u00c5ngerr\u00e4tt, s\u00e4rskilt vid online-transaktioner och distansf\u00f6rs\u00e4ljning<\/strong><\/p>\n<p>Om du \u00e4r konsument (dvs. en fysisk person som g\u00f6r best\u00e4llningen f\u00f6r ett \u00e4ndam\u00e5l som inte kan h\u00e4nf\u00f6ras till din kommersiella eller sj\u00e4lvst\u00e4ndiga yrkesverksamhet) har du \u00e5ngerr\u00e4tt i enlighet med lagstadgade best\u00e4mmelser.<\/p>\n<p><strong>Om du ut\u00f6var din \u00e5ngerr\u00e4tt som konsument ska du st\u00e5 f\u00f6r kostnaderna f\u00f6r att \u00e5ters\u00e4nda varan.<\/strong><\/p>\n<p>I \u00f6vrigt g\u00e4ller f\u00f6r \u00e5ngerr\u00e4tten de best\u00e4mmelser som n\u00e4rmare anges i f\u00f6ljande avbest\u00e4llningsregler<\/p>\n<p><strong>Avbokningsregler:<\/strong><\/p>\n<p>Du har r\u00e4tt att \u00e5ngra dig inom fjorton dagar utan att ange n\u00e5got sk\u00e4l n\u00e4r det g\u00e4ller avtal som ing\u00e5tts genom online-transaktioner eller distansf\u00f6rs\u00e4ljning.<\/p>\n<p>Avbest\u00e4llningsperioden \u00e4r fjorton dagar fr\u00e5n den dag d\u00e5 du eller en tredje part som du har utsett, som inte \u00e4r transport\u00f6ren, har tagit varorna i besittning.<\/p>\n<p>Om du har best\u00e4llt flera varor i en och samma best\u00e4llning, som levereras separat, \u00e4r \u00e5ngerfristen 14 dagar fr\u00e5n den dag d\u00e5 du eller en av dig angiven tredje part, som inte \u00e4r transport\u00f6r, har tagit den sista varan i besittning.<\/p>\n<p>F\u00f6r att ut\u00f6va din \u00e5ngerr\u00e4tt m\u00e5ste du informera oss om ditt beslut att h\u00e4va detta avtal genom ett tydligt meddelande (t.ex. ett brev som skickas med post eller ett e-postmeddelande).<\/p>\n<p>Avbest\u00e4llning skriftligen eller i textform till:<\/p>\n<p>Hyperbarics Europe HE GmbH, Sperberstr.15, 97422 Schweinfurt, Tyskland<\/p>\n<p>&nbsp;eller via e-post till:<a href=\"mailto:info@hyperbarics-europe.com\" target=\"_blank\" rel=\"noopener\">info@hyperbarics-europe.com<\/a><\/p>\n<p><strong>Om du har n\u00e5gra fr\u00e5gor \u00e4r du v\u00e4lkommen att kontakta oss p\u00e5: 0049 152 5377 4528<\/strong><\/p>\n<p>Om du anv\u00e4nder dig av denna m\u00f6jlighet kommer vi utan dr\u00f6jsm\u00e5l att skicka dig en bekr\u00e4ftelse p\u00e5 mottagandet av en s\u00e5dan annullering (t.ex. via e-post).<\/p>\n<p>F\u00f6r att iaktta \u00e5ngerfristen r\u00e4cker det att du skickar ditt meddelande om att du utnyttjar din \u00e5ngerr\u00e4tt innan \u00e5ngerfristen l\u00f6per ut.<\/p>\n<p><strong>Konsekvenser av upps\u00e4gning<\/strong><\/p>\n<p>Om ni h\u00e4ver detta avtal ska ni \u00e5terl\u00e4mna eller \u00f6verl\u00e4mna varorna till oss omedelbart och under alla omst\u00e4ndigheter senast \u00e5tta dagar fr\u00e5n den dag d\u00e5 ni informerade oss om h\u00e4vningen av detta avtal.<\/p>\n<p>Tidsfristen \u00e4r uppfylld om du skickar varorna f\u00f6re utg\u00e5ngen av \u00e5ttadagarsperioden.<\/p>\n<p><strong>Du ska st\u00e5 f\u00f6r kostnaderna f\u00f6r att returnera varorna till den av oss angivna destinationen samt f\u00f6r kostnaderna f\u00f6r hygienisk behandling.<\/strong><\/p>\n<p><strong>F\u00f6r att skydda dig rekommenderar vi att du v\u00e4ljer en tillr\u00e4ckligt f\u00f6rs\u00e4krad f\u00f6rs\u00e4ndelse.<\/strong><\/p>\n<p><strong>Vi kommer att informera dig skriftligen om destinationen f\u00f6r returf\u00f6rs\u00e4ndelsen i Tyskland.<\/strong><\/p>\n<p>Vi kommer att ordna \u00e5terbetalningen s\u00e5 snart varorna har anl\u00e4nt kompletta och intakta till den angivna destinationen.<\/p>\n<p>F\u00f6r denna \u00e5terbetalning anv\u00e4nder vi samma betalningsmedel som du anv\u00e4nde f\u00f6r den ursprungliga transaktionen, s\u00e5vida vi inte uttryckligen kommit \u00f6verens om n\u00e5got annat med dig.<\/p>\n<p>Vi f\u00f6rbeh\u00e5ller oss r\u00e4tten att g\u00f6ra avdrag fr\u00e5n \u00e5terbetalningen f\u00f6r v\u00e4rdeminskning p\u00e5 grund av fel, slitage eller skador som orsakats av felaktig hantering av varan.<\/p>\n<p><strong>F\u00f6r hygienisk reng\u00f6ring\/f\u00f6rberedelse av det begagnade godset tar vi ut en rabatt p\u00e5 250 euro.<\/strong><\/p>\n<p><strong>V\u00e4nligen notera:<\/strong><\/p>\n<p><strong>Det finns ingen \u00e5ngerr\u00e4tt f\u00f6r varor som har specialtillverkats f\u00f6r dig.<\/strong><\/p>\n<p><strong>Det finns inte heller n\u00e5gon \u00e5ngerr\u00e4tt f\u00f6r hygienartiklar som appliceras direkt p\u00e5 kroppen.<\/strong><\/p>\n<p><strong>Bokad och genomf\u00f6rd produktutbildning\/instruktion kan inte \u00e5terbetalas. Deltagaravgiften vid avbokning \u00e4r 250 euro.<\/strong><\/p>\n<p>Avbokningsreglerna upph\u00f6r att g\u00e4lla<\/p>\n<p>Denna avbokningspolicy g\u00e4ller fr\u00e5n 01.08.2022<\/p>\n<p><strong>5 \u00a7 Priser och fraktkostnader<\/strong><\/p>\n<p>De priser som anges i prislistorna inkluderar lagstadgad moms och andra priskomponenter.<\/p>\n<p>Ut\u00f6ver de angivna priserna tar vi ut en individuell avgift f\u00f6r leverans inom och utanf\u00f6r Tyskland beroende p\u00e5 best\u00e4llningen och varans storlek. Du kommer att informeras om fraktkostnaderna skriftligen i kostnadsber\u00e4kningen.<\/p>\n<p><strong>6 \u00a7 Leverans<\/strong><\/p>\n<p>Vi str\u00e4var alltid efter att ha alla modeller i lager, men p\u00e5 grund av den internationella situationen kan det f\u00f6rekomma leveransf\u00f6rseningar.<\/p>\n<p>Leverans utf\u00f6rs av en anst\u00e4lld hos Hyperbarics Europe eller av paketpost\/spedit\u00f6r. Om leveransen inte kan ske enligt \u00f6verenskommelse med kunden har Hyperbarics Europe r\u00e4tt att ta betalt f\u00f6r den bortkastade resan.<\/p>\n<p>Som kund kan du naturligtvis ocks\u00e5 h\u00e4mta ut varorna personligen i v\u00e5ra lokaler.<\/p>\n<p>Genom att skriva under till utl\u00e4mnaren\/utf\u00e4rdaren bekr\u00e4ftar du som kund mottagandet av godset.<\/p>\n<p>Hyperbarics Europe ska f\u00f6rs\u00e4kra varorna mot skada eller f\u00f6rlust under leveransprocessen.<\/p>\n<p>Leveransskador vid varans ankomst ska omedelbart anm\u00e4las till oss och dokumenteras med ett foto, eller vid behov flera foton.<\/p>\n<p><strong>7 \u00a7 Betalning<\/strong><\/p>\n<p>Betalning sker i f\u00f6rskott antingen via bank\u00f6verf\u00f6ring, Paypal eller kreditkort eller, n\u00e4r det g\u00e4ller uthyrning, via SEPA-autogiro.<\/p>\n<p>F\u00f6r bank\u00f6verf\u00f6ringar kommer vi att ge dig v\u00e5ra bankuppgifter i offerten och ordna med leverans av de betalda varorna efter mottagande av betalning.<\/p>\n<p>Betalning har skett f\u00f6rst n\u00e4r vi kan f\u00f6rfoga \u00f6ver beloppet.<\/p>\n<p>S\u00e4rskilda k\u00e4nnetecken f\u00f6r uthyrningen: Vid f\u00f6rsenad betalning har Hyperbarics Europe r\u00e4tt att s\u00e4tta en rimlig tidsfrist och att \u00e5terta varorna efter det att tidsfristen har l\u00f6pt ut.<\/p>\n<p><strong>8 \u00a7 Kvarh\u00e5llande av \u00e4gander\u00e4tt<\/strong><\/p>\n<p>Varorna f\u00f6rblir v\u00e5r egendom till dess att full betalning har erlagts.<\/p>\n<p>Detta g\u00e4ller s\u00e4rskilt vid mottagande av varor genom uthyrning. Du f\u00e5r inte f\u00f6rfoga \u00f6ver de reserverade varorna.<\/p>\n<p>Om tredje part &#8211; s\u00e4rskilt kronofogde eller konkursf\u00f6rvaltare &#8211; tar de reserverade varorna i beslag, \u00e4r du skyldig att p\u00e5peka s\u00e4ljarens \u00e4gander\u00e4tt, i detta fall Hyperbarics Europe, och att omedelbart informera oss s\u00e5 att vi kan h\u00e4vda v\u00e5r \u00e4gander\u00e4tt. Om tredje part inte har m\u00f6jlighet att ers\u00e4tta oss f\u00f6r de kostnader som uppkommer i samband med detta, ska ni vara ansvarig f\u00f6r dessa kostnader.<\/p>\n<p><strong>9 \u00a7 Upphovsr\u00e4tt och immateriella r\u00e4ttigheter<\/strong><\/p>\n<p>Hyperbarics Europe beh\u00e5ller alla immateriella r\u00e4ttigheter till alla texter som publiceras p\u00e5 webbplatsen&nbsp;&nbsp;www.hyperbarics-europe.com och sociala medier, samt alla utbildningar, inklusive utbildningsdokument och certifikat, samt bruksanvisningar och anv\u00e4ndarmanualer. Alla foton och videor som publiceras av Hyperbarics Europe samt logotypen \u00e4r ocks\u00e5 f\u00f6rem\u00e5l f\u00f6r upphovsr\u00e4tt.<\/p>\n<p><strong>\u00a7 10 Garanti<\/strong><\/p>\n<p>Hyperbarics Europe ger slutanv\u00e4ndarna en tv\u00e5\u00e5rig garanti p\u00e5 den produkt som marknadsf\u00f6rs med garantil\u00f6ftet. Kommersiella kunder har en garantitid p\u00e5 tolv m\u00e5nader.<\/p>\n<p>Perioden f\u00f6r ber\u00e4kning av garantitiden b\u00f6rjar l\u00f6pa vid mottagandet av varan. Du kommer att f\u00e5 en faktura med datumet f\u00f6r kundens godk\u00e4nnande av produkten som kvitto.<\/p>\n<p>Den geografiska omfattningen av garantin str\u00e4cker sig inom Europeiska unionen, Schweiz och Storbritannien.<\/p>\n<p>Det \u00e4r kundens ansvar att s\u00e5 snart som m\u00f6jligt informera oss om eventuella fel, brister eller skador.<\/p>\n<p>Om materialfel eller tillverkningsfel uppst\u00e5r i de varor som du har k\u00f6pt under garantiperioden, kommer vi att tillhandah\u00e5lla dig en av f\u00f6ljande tj\u00e4nster enligt \u00f6verenskommelse inom ramen f\u00f6r v\u00e5r garanti:<\/p>\n<ul role=\"list\">\n<li>kostnadsfri reparation av varan eller<\/li>\n<li>Fritt byte av varan mot en likv\u00e4rdig vara<\/li>\n<\/ul>\n<p>V\u00e4nligen kontakta oss vid garantianspr\u00e5k:<\/p>\n<p>&nbsp;H<strong>yperbarics Europe HE GmbH<\/strong> Sperberstr. 15 97422 Schweinfurt<\/p>\n<p><strong>e-post:&nbsp;<\/strong><a href=\"mailto:info@hyperbarics-europe.com\" target=\"_blank\" rel=\"noopener\"><strong>info@hyperbarics-europe.com<\/strong><\/a>&nbsp;<strong>Tel: 0049 152 5377 4528<\/strong><\/p>\n<p>Garantianspr\u00e5k \u00e4r uteslutna i h\u00e4ndelse av skador p\u00e5 varorna som orsakats av<\/p>\n<ul role=\"list\">\n<li>normalt slitage<\/li>\n<li>felaktig eller missriktad hantering<\/li>\n<li>Bristande efterlevnad av s\u00e4kerhets\u00e5tg\u00e4rder<\/li>\n<li>Anv\u00e4ndning av v\u00e5ld (t.ex. slag, vassa f\u00f6rem\u00e5l, djur)<\/li>\n<li>Reparationsf\u00f6rs\u00f6k p\u00e5 egen hand<\/li>\n<li>Milj\u00f6p\u00e5verkan (v\u00e4rme, luftfuktighet etc.)<\/li>\n<li>Bristande efterlevnad av bruksanvisningen<\/li>\n<li>\u00d6ppna den hyperbariska h\u00e4lsokammaren under drift<\/li>\n<li>I h\u00e4ndelse av felaktig installation av en outbildad operat\u00f6r\/anv\u00e4ndare<\/li>\n<\/ul>\n<p><strong>En f\u00f6ruts\u00e4ttning f\u00f6r att garantin ska kunna utnyttjas \u00e4r att Hyperbarics Europe f\u00e5r m\u00f6jlighet att unders\u00f6ka garanti\u00e4rendet genom att skicka varorna till Hyperbarics Europe.<\/strong><\/p>\n<p>Se till att undvika skador p\u00e5 varorna under transporten genom att anv\u00e4nda s\u00e4kra f\u00f6rpackningar.<\/p>\n<p>En kopia av fakturan m\u00e5ste bifogas garantianspr\u00e5ket s\u00e5 att Hyperbarics Europe kan kontrollera om garantiperioden har iakttagits. Utan en kopia av fakturan kan Hyperbarics Europe v\u00e4gra att uppfylla garantin.<\/p>\n<p>Vid ber\u00e4ttigade garantianspr\u00e5k \u00e4r garantihanteringen alltid kostnadsfri f\u00f6r dig, d.v.s.<\/p>\n<p>Hyperbarics Europe ers\u00e4tter eventuella fraktkostnader f\u00f6r returf\u00f6rs\u00e4ndelsen.<\/p>\n<p><strong>11 \u00a7 Byte\/retur utanf\u00f6r garanti eller avbest\u00e4llning<\/strong><\/p>\n<p>Alla produkter som levereras av oss \u00e4r undantagna fr\u00e5n byte och retur utanf\u00f6r garantir\u00e4tten eller annullering.<\/p>\n<p><strong>12 \u00a7 Uthyrning och tillhandah\u00e5llande av hyperbariska h\u00e4lsokammare och tillbeh\u00f6r<\/strong><\/p>\n<p>Om du hyr en hyperbarisk h\u00e4lsokammare eller tillbeh\u00f6r f\u00e5r du f\u00f6rst ett hyresavtal som b\u00e5da parter undertecknar.<\/p>\n<p>Som hyrestagare \u00e4r du ansvarig f\u00f6r att den produkt som vi \u00e4ger anv\u00e4nds p\u00e5 avsett s\u00e4tt, korrekt och med omsorg i enlighet med instruktionerna i anv\u00e4ndarmanualen.<\/p>\n<p>I h\u00e4ndelse av skada p\u00e5 eller f\u00f6rlust av en hyrd produkt \u00e4r du skyldig att omedelbart meddela oss via e-post.<\/p>\n<p>Vi kommer att klarg\u00f6ra n\u00e4sta steg med dig.<\/p>\n<p>Vi skickar dig n\u00f6dv\u00e4ndiga reservdelar f\u00f6r mindre reparationer.<\/p>\n<p>Vid st\u00f6rre skador m\u00e5ste varan omedelbart \u00e5terl\u00e4mnas. Du ska st\u00e5 f\u00f6r kostnaderna f\u00f6r avs\u00e4ndandet om du \u00e4r ansvarig f\u00f6r skadan. I annat fall st\u00e5r vi f\u00f6r kostnaderna.<\/p>\n<p>Alla st\u00f6rre skador p\u00e5 v\u00e5ra produkter m\u00e5ste repareras uteslutande av oss eller en tredje part som auktoriserats av oss.<\/p>\n<p>Om produkten kr\u00e4ver underh\u00e5ll f\u00e5r detta endast utf\u00f6ras av oss eller av oss auktoriserad tredje part.<\/p>\n<p>Om produkten inte fungerar som den ska och kunden inte \u00e4r ansvarig f\u00f6r detta, st\u00e5r vi f\u00f6r kostnaderna f\u00f6r leverans och reparation. I annat fall ska kunden st\u00e5 f\u00f6r kostnaderna.<\/p>\n<p>Tillbeh\u00f6r och f\u00f6rbrukningsvaror till den hyrda produkten f\u00e5r endast k\u00f6pas fr\u00e5n oss. Om produkten skadas p\u00e5 grund av att denna skyldighet inte uppfylls, \u00e4r kunden skyldig att l\u00e5ta oss avhj\u00e4lpa skadan och st\u00e5 f\u00f6r de kostnader som uppst\u00e5r.<\/p>\n<p>Upps\u00e4gning av hyresavtalet fr\u00e5n hyresg\u00e4stens sida ska ske skriftligen via e-post till&nbsp;<a href=\"mailto:info@hyperbarics-europe.com\" target=\"_blank\" rel=\"noopener\">info@hyperbarics-europe.com.<\/a> Upps\u00e4gning av hyresavtalet av kommersiella hyresg\u00e4ster eller Hyperbarics Europe m\u00e5ste g\u00f6ras skriftligen i enlighet med \u00a7 126 i den tyska civillagen (BGB), inklusive underskrift.<\/p>\n<p>&nbsp;&nbsp;Om hyresperioden har l\u00f6pt ut eller om sk\u00e4len f\u00f6r \u00f6verf\u00f6ringen inte l\u00e4ngre g\u00e4ller, \u00e4r du skyldig att omedelbart informera oss och \u00e5terl\u00e4mna produkten utan dr\u00f6jsm\u00e5l.<strong>Kostnaderna f\u00f6r f\u00f6rs\u00e4krad transport eller upph\u00e4mtning av Hyperbarics Europe ska<\/strong> b\u00e4ras av kunden.<strong>Om upph\u00e4mtningen inte kan ske enligt \u00f6verenskommelse med kunden, har Hyperbarics Europe r\u00e4tt att debitera f\u00f6r den bortkastade resan eller delvis upph<\/strong>\u00e4mtning.<\/p>\n<p>Om kunden inte \u00e5terl\u00e4mnar produkten omedelbart efter det att hyresf\u00f6rh\u00e5llandet eller \u00f6verl\u00e5telsen har upph\u00f6rt, ska kunden betala hyran eller ett j\u00e4mf\u00f6rbart hyresbelopp fram till den tidpunkt d\u00e5 produkten bevisligen har \u00e5terl\u00e4mnats till oss. Om vi lider skada till f\u00f6ljd av den f\u00f6rsenade returen ska kunden \u00e4ven ers\u00e4tta oss f\u00f6r denna skada.<\/p>\n<p><strong>13 \u00a7 Utbildningar<\/strong><\/p>\n<p>Hyperbarics Europe instruerar kunderna i korrekt och s\u00e4ker hantering av de hyperbariska h\u00e4lsokamrarna.<\/p>\n<p>Teknisk r\u00e5dgivning och utbildning som tillhandah\u00e5lls av Hyperbarics Europe till Kunden ska f\u00f6rberedas och genomf\u00f6ras i god tro i enlighet med det aktuella kunskapsl\u00e4get och till\u00e4mpliga lagar.<\/p>\n<p>Efter utbildningen\/instruktionen m\u00e5ste kunden genomg\u00e5 ett skriftligt prov f\u00f6r att bevisa sin kunskap om korrekt hantering av de hyperbariska h\u00e4lsokamrarna.<\/p>\n<p><strong>\u00a7 14 S\u00e4kerhet<\/strong><\/p>\n<p>Varorna levereras med aktuella bruksanvisningar. Anv\u00e4ndaren f\u00f6rbinder sig att l\u00e4sa igenom denna bruksanvisning noggrant f\u00f6re anv\u00e4ndning av den hyperbariska h\u00e4lsokammaren.<\/p>\n<p>Kunden \u00e4r skyldig att f\u00f6lja s\u00e4kerhetsf\u00f6reskrifterna.<\/p>\n<p>De hyperbariska h\u00e4lsokamrarna f\u00e5r endast anv\u00e4ndas av beh\u00f6riga personer.<\/p>\n<p>Det \u00e4r inte till\u00e5tet att g\u00f6ra n\u00e5gra \u00e4ndringar i produkterna.<\/p>\n<p>Produkter som ser ut att vara defekta f\u00e5r inte anv\u00e4ndas.<\/p>\n<p>Hyperbarics Europe m\u00e5ste omedelbart informeras om eventuella fel.<\/p>\n<p>I fall d\u00e4r Hyperbarics Europe drar slutsatsen att leveransen av varor och tj\u00e4nster till kunden och kundens anv\u00e4ndning av dem \u00e4r f\u00f6r os\u00e4ker, kan Hyperbarics Europe upph\u00e4va sina egna avtalsenliga skyldigheter att leverera varor och tj\u00e4nster tills s\u00e4kerhetsproblemet har \u00e5tg\u00e4rdats av kunden eller s\u00e4ga upp avtalet.<\/p>\n<p><strong>15 \u00a7 Tvistl\u00f6sning<\/strong><\/p>\n<p>&nbsp;&nbsp;Europeiska kommissionen tillhandah\u00e5ller en plattform f\u00f6r tvistl\u00f6sning online, som du hittar p\u00e5<a href=\"http:\/\/ec.europa.eu\/consumers\/odr\/\" target=\"_blank\" rel=\"noopener nofollow\">http:\/\/ec.europa.eu\/consumers\/odr\/<\/a>.<\/p>\n<p>Vi \u00e4r inte skyldiga att delta i skiljedomsf\u00f6rfaranden f\u00f6r konsumenter och deltar d\u00e4rf\u00f6r inte i s\u00e5dana. Vi f\u00f6redrar att klarg\u00f6ra dina fr\u00e5gor i en direkt dialog med dig.<\/p>\n<p><strong>16 \u00a7 Till\u00e4mplig lag \/ jurisdiktion<\/strong><\/p>\n<p>Avtalsspr\u00e5ket \u00e4r tyska.<\/p>\n<p>I h\u00e4ndelse av avvikelser mellan den tyska versionen av dessa allm\u00e4nna villkor och en \u00f6vers\u00e4ttning till ett fr\u00e4mmande spr\u00e5k, ska den tyska versionen ha f\u00f6retr\u00e4de.<\/p>\n<p>Lagen i F\u00f6rbundsrepubliken Tyskland ska till\u00e4mpas, s\u00e5vida inte konsumentskyddsbest\u00e4mmelser eller EU-regler har f\u00f6retr\u00e4de f\u00f6r best\u00e4llningar fr\u00e5n andra europeiska l\u00e4nder.<\/p>\n<p><strong>Till\u00e4mpningen av FN:s konvention om avtal f\u00f6r internationell f\u00f6rs\u00e4ljning av varor \u00e4r uttryckligen utesluten.<\/strong><\/p>\n<p>F\u00f6r samtliga kunder &#8211; oavsett om de har sin hemvist eller sitt s\u00e4te inom eller utanf\u00f6r EU &#8211; \u00e4r Schweinfurt beh\u00f6rig domstol.<\/p>\n<p><strong>17 \u00a7 Slutbest\u00e4mmelser<\/strong><\/p>\n<p>Om enskilda best\u00e4mmelser i dessa allm\u00e4nna villkor helt eller delvis skulle vara eller bli ogiltiga, verkningsl\u00f6sa och\/eller ogenomf\u00f6rbara, ska detta inte p\u00e5verka giltigheten av de \u00e5terst\u00e5ende best\u00e4mmelserna och ska inte leda till att dessa allm\u00e4nna villkor eller det ing\u00e5ngna avtalet blir ogiltiga.<\/p>\n<p>Status: januari 2023<\/p>\n<\/div>\n<\/div>\t\t\t\t\t\t\t\t<\/div>\n\t\t\t\t<\/div>\n\t\t\t\t\t<\/div>\n\t\t\t\t<\/div>\n\t\t\t\t<\/div>\n\t\t","protected":false},"excerpt":{"rendered":"<p>Allm\u00e4nna villkor f\u00f6r Hyperbarics Europe HE GmbH Status januari 2023 1 \u00a7 Till\u00e4mpningsomr\u00e5de \/ Definitioner&nbsp; Dessa allm\u00e4nna villkor (GTC) g\u00e4ller f\u00f6r alla leveranser av varor och tj\u00e4nster fr\u00e5n Hyperbarics Europe HE GmbH (nedan Hyperbarics Europe). V\u00e5ra allm\u00e4nna villkor g\u00e4ller f\u00f6r offentligr\u00e4ttsliga juridiska personer, f\u00f6retagare som ut\u00f6var kommersiell eller sj\u00e4lvst\u00e4ndig yrkesverksamhet och \u00e4ven f\u00f6r kunder som [&hellip;]<\/p>\n","protected":false},"author":3,"featured_media":0,"parent":0,"menu_order":0,"comment_status":"closed","ping_status":"closed","template":"","meta":{"_acf_changed":false,"_coblocks_attr":"","_coblocks_dimensions":"","_coblocks_responsive_height":"","_coblocks_accordion_ie_support":"","content-type":"","footnotes":""},"class_list":["post-3599","page","type-page","status-publish","hentry"],"acf":[],"_links":{"self":[{"href":"https:\/\/hyperbarics-europe.com\/sv\/wp-json\/wp\/v2\/pages\/3599","targetHints":{"allow":["GET"]}}],"collection":[{"href":"https:\/\/hyperbarics-europe.com\/sv\/wp-json\/wp\/v2\/pages"}],"about":[{"href":"https:\/\/hyperbarics-europe.com\/sv\/wp-json\/wp\/v2\/types\/page"}],"author":[{"embeddable":true,"href":"https:\/\/hyperbarics-europe.com\/sv\/wp-json\/wp\/v2\/users\/3"}],"replies":[{"embeddable":true,"href":"https:\/\/hyperbarics-europe.com\/sv\/wp-json\/wp\/v2\/comments?post=3599"}],"version-history":[{"count":1,"href":"https:\/\/hyperbarics-europe.com\/sv\/wp-json\/wp\/v2\/pages\/3599\/revisions"}],"predecessor-version":[{"id":3600,"href":"https:\/\/hyperbarics-europe.com\/sv\/wp-json\/wp\/v2\/pages\/3599\/revisions\/3600"}],"wp:attachment":[{"href":"https:\/\/hyperbarics-europe.com\/sv\/wp-json\/wp\/v2\/media?parent=3599"}],"curies":[{"name":"wp","href":"https:\/\/api.w.org\/{rel}","templated":true}]}}